{"id":2125,"date":"2019-10-29T21:26:37","date_gmt":"2019-10-30T00:26:37","guid":{"rendered":"https:\/\/labcult.eci.ufmg.br\/epistemologiacomunitaria\/?page_id=2125"},"modified":"2024-07-21T17:42:35","modified_gmt":"2024-07-21T20:42:35","slug":"outras-cartografias","status":"publish","type":"page","link":"https:\/\/eba.ufmg.br\/epistemologiascomunitarias\/index.php\/outras-cartografias\/","title":{"rendered":") Outras Cartografias ("},"content":{"rendered":"<p><img decoding=\"async\" loading=\"lazy\" class=\"aligncenter wp-image-1126\" src=\"https:\/\/labcult.eci.ufmg.br\/epistemologiacomunitaria\/wp-content\/uploads\/2019\/08\/LOGO-EC-Final-modelo-2-min-e1569162167366.png\" alt=\"\" width=\"400\" height=\"400\" \/><\/p>\n<h2>\u00a0<\/h2>\n<h2><span style=\"color: #ff0000;\">PESQUISA E COORDENA\u00c7\u00c3O<\/span><\/h2>\n<p>\u00a0<\/p>\n<p>\u00a0<\/p>\n<p><img decoding=\"async\" loading=\"lazy\" class=\"alignnone wp-image-2531 \" src=\"https:\/\/eba.ufmg.br\/epistemologiascomunitarias\/wp-content\/uploads\/2019\/11\/eu-que-sou-ex\u00f3tica-min-1024x683.jpg\" alt=\"\" width=\"908\" height=\"606\" srcset=\"https:\/\/eba.ufmg.br\/epistemologiascomunitarias\/wp-content\/uploads\/2019\/11\/eu-que-sou-ex\u00f3tica-min-1024x683.jpg 1024w, https:\/\/eba.ufmg.br\/epistemologiascomunitarias\/wp-content\/uploads\/2019\/11\/eu-que-sou-ex\u00f3tica-min-300x200.jpg 300w, https:\/\/eba.ufmg.br\/epistemologiascomunitarias\/wp-content\/uploads\/2019\/11\/eu-que-sou-ex\u00f3tica-min-768x512.jpg 768w, https:\/\/eba.ufmg.br\/epistemologiascomunitarias\/wp-content\/uploads\/2019\/11\/eu-que-sou-ex\u00f3tica-min.jpg 2048w\" sizes=\"(max-width: 908px) 100vw, 908px\" \/><\/p>\n<h3>\u00a0<\/h3>\n<h3 style=\"text-align: left;\"><span style=\"color: #666699;\"><span style=\"font-family: Calibri;\">J<\/span><span style=\"font-family: Calibri;\">anaina Barros<\/span><\/span><\/h3>\n<p><span style=\"color: #999999;\">Artista visual, pesquisadora, curadora, cr\u00edtica de arte, professora adjunta pelo Departamento de Artes Pl\u00e1sticas da Escola de Belas Artes da Universidade Federal de Minas Gerais desde 2019. Atua na \u00e1rea de Teoria, Cr\u00edtica e Hist\u00f3ria da Arte. Artista visual. P\u00f3s-doutorado, bolsa CAPES PNPD 2018-2020, pelo Programa de P\u00f3s-Gradua\u00e7\u00e3o em Ci\u00eancia da Informa\u00e7\u00e3o da Escola de Ci\u00eancia da Informa\u00e7\u00e3o da Universidade Federal de Minas Gerais.<\/span><span style=\"font-family: Calibri;\"><span style=\"color: #999999;\">\u00a0<\/span><\/span><span style=\"color: #999999;\">Possui gradua\u00e7\u00e3o em Educa\u00e7\u00e3o Art\u00edstica com habilita\u00e7\u00e3o em Artes Pl\u00e1sticas pela Universidade Estadual Paulista J\u00falio de Mesquita Filho, Instituto de Artes UNESP (1997-2000). Especializa\u00e7\u00e3o em Linguagens Visuais pela Faculdade Santa Marcelina, S\u00e3o Paulo (2004-2005). Mestrado em Artes pelo Instituto de Artes Unesp (2006-2008) com\u00a0 disserta\u00e7\u00e3o intitulada Uma poss\u00edvel arte afro-brasileira: corporeidade e ancestralidade em quatro po\u00e9ticas.<\/span> <span style=\"color: #999999;\">O tema da pesquisa referendava-se sobre a exist\u00eancia de uma poss\u00edvel arte afro-brasileira como uma territorialidade da arte contempor\u00e2nea. A abordagem da pesquisa possu\u00eda car\u00e1ter dial\u00e9tico, onde o enfoque tratado estava na leitura po\u00e9tica, hist\u00f3rica e antropol\u00f3gica das produ\u00e7\u00f5es de artistas com percursos visuais diferentes, tais como Mestre Didi, Rubem Valentim, Y\u00eadamaria e Rosana Paulino. Doutorado pelo Programa de P\u00f3s-Gradua\u00e7\u00e3o Interunidades em Est\u00e9tica e Hist\u00f3ria da Arte pela Universidade de S\u00e3o Paulo (2014-2018) com a tese A invis\u00edvel luz que projeta a sombra do agora: Autoria negra, G\u00eanero, Artefato e M\u00e9todo em quatro narrativas po\u00e9ticas. O recorte da pesquisa d\u00e1-se a partir da leitura da pr\u00f3pria pesquisa visual aproximadas de refer\u00eancias po\u00e9ticas acerca da manualidade em torno de autorias que interseccionam g\u00eanero e ra\u00e7a de modo impl\u00edcito ou expl\u00edcito como nas obras de L\u00eddia Lisb\u00f4a, Rosana Paulino e S\u00f4nia Gomes. Desse modo, o of\u00edcio manual atua como percurso investigativo inserido numa territorialidade da arte contempor\u00e2nea. Prop\u00f5e-se como problem\u00e1tica os tensionamentos presentes em torno da investiga\u00e7\u00e3o po\u00e9tica na sua inser\u00e7\u00e3o num debate metodol\u00f3gico\u00a0 e<\/span> <span style=\"color: #999999;\">epistemol\u00f3gico\u00a0 da arte em suas territorialidades interseccionada pelas identidades culturais, \u00e9tnicas e de g\u00eanero. Possui publica\u00e7\u00f5es sobre epistemologias e metodologias em arte contempor\u00e2nea de autoria negra. Produziu textos (2019-2021) para a galeria Mendes Wood DM sobre as obras dos artistas Antonio Ob\u00e1, Paulo Nazareth, Wallace Pato e\u00a0 Sonia Gomes (com colabora\u00e7\u00e3o do artista e professor Wagner Leite Viana).\u00a0 A convite do curador Simon Watson escreveu o texto cr\u00edtico para a produ\u00e7\u00e3o de Paulo Nazareth na exposi\u00e7\u00e3o coletiva\u00a0 Esperan\u00e7a (2021) na Luz Contempor\u00e2nea, Museu de Arte Sacra. A escrita cr\u00edtica\u00a0 para a Revista\u00a0 ZUM (2023), Instituto Moreira Salles, sobre a s\u00e9rie do artista Paulo Nazareth Etnografia Branca. Produziu textos cr\u00edticos de arte para cat\u00e1logos e exposi\u00e7\u00f5es em institui\u00e7\u00f5es museol\u00f3gicas nacionais e internacionais. Como artista participou de exposi\u00e7\u00f5es na Galeria Di\u00e1spora em S\u00e3o Paulo, Bienal do Mercosul 12, Bienal do Mercosul 13, Casa Fiat\/ Piccola Galeria (MG), Hist\u00f3rias afro-atl\u00e2nticas no Instituto Tomie Ohtake\/Museu de Arte de S\u00e3o Paulo (MASP), Programa de exposi\u00e7\u00f5es do Centro Cultural S\u00e3o Paulo, SESC SP, Ita\u00fa Cultural entre outras. A leitura cr\u00edtica, metodol\u00f3gica e epistemol\u00f3gica sobre a produ\u00e7\u00e3o de arte contempor\u00e2nea de autoria negra\u00a0 na constitui\u00e7\u00e3o de arquivos\u00a0 para a pesquisa A cena afro-brasileira nas artes visuais de S\u00e3o Paulo, edital Pr\u00eamio Pesquisador 2017\/ Centro Cultural S\u00e3o Paulo, desenvolvida em conjunto com o professor\u00a0 Wagner Leite Viana que compreende a\u00a0 forma\u00e7\u00e3o de arquivos sobre artistas negros que participaram da Mostra Programa de Exposi\u00e7\u00f5es, entre o per\u00edodo de 1994 a 2017, em di\u00e1logo com outras produ\u00e7\u00f5es contempor\u00e2neas. Este arquivo consiste em cat\u00e1logos, folders, registros fotogr\u00e1ficos de exposi\u00e7\u00e3o, artistas, de visitas a ateli\u00eas, processos de trabalho, registros de v\u00eddeos e \u00e1udios de entrevistas acompanhadas de transcri\u00e7\u00f5es pertencente ao Arquivo Multimeios do CCSP.\u00a0<\/span><\/p>\n<p><span style=\"color: #999999;\">\u00a0<\/span><\/p>\n<p><img decoding=\"async\" loading=\"lazy\" class=\"aligncenter wp-image-1126 \" src=\"https:\/\/labcult.eci.ufmg.br\/epistemologiacomunitaria\/wp-content\/uploads\/2019\/08\/LOGO-EC-Final-modelo-2-min-e1569162167366.png\" alt=\"\" width=\"379\" height=\"379\" \/><\/p>\n<h3 style=\"text-align: center;\">\u00a0<\/h3>\n<p><img decoding=\"async\" loading=\"lazy\" class=\"alignleft wp-image-2242 size-large\" src=\"https:\/\/eba.ufmg.br\/epistemologiascomunitarias\/wp-content\/uploads\/2019\/11\/procurando-pela-pedra-primordial-006-Copia-min-683x1024.jpg\" alt=\"\" width=\"640\" height=\"960\" srcset=\"https:\/\/eba.ufmg.br\/epistemologiascomunitarias\/wp-content\/uploads\/2019\/11\/procurando-pela-pedra-primordial-006-Copia-min-683x1024.jpg 683w, https:\/\/eba.ufmg.br\/epistemologiascomunitarias\/wp-content\/uploads\/2019\/11\/procurando-pela-pedra-primordial-006-Copia-min-200x300.jpg 200w, https:\/\/eba.ufmg.br\/epistemologiascomunitarias\/wp-content\/uploads\/2019\/11\/procurando-pela-pedra-primordial-006-Copia-min-768x1152.jpg 768w, https:\/\/eba.ufmg.br\/epistemologiascomunitarias\/wp-content\/uploads\/2019\/11\/procurando-pela-pedra-primordial-006-Copia-min.jpg 1365w\" sizes=\"(max-width: 640px) 100vw, 640px\" \/><\/p>\n<h3>\u00a0<\/h3>\n<h3>\u00a0<\/h3>\n<h3 style=\"text-align: left;\"><span style=\"color: #666699; font-family: Calibri;\">Wagner Leite Viana\u00a0<\/span><\/h3>\n<p><span style=\"color: #999999;\">Artista. Pesquisador. Curador educativo.\u00a0 \u00a0Professor Adjunto no Departamento de Artes Pl\u00e1sticas da Escola de Belas Artes da Universidade Federal de Minas Gerais desde 2016. Possui gradua\u00e7\u00e3o em Licenciatura Plena em Educa\u00e7\u00e3o Art\u00edstica pela Faculdade de Arquitetura, Artes e Comunica\u00e7\u00f5es da Unesp. Mestrado em Artes pela Universidade Estadual Paulista J\u00falio de Mesquita Filho. T\u00edtulo: Portinari menino e os circos, Ano de Obten\u00e7\u00e3o: 2008. Orientadora: Claudete Ribeiro. Palavras-chave: portinari; fenomenologia; leitura de obra gesto imaginativo. Doutorado em po\u00e9ticas visuais pela Escola de comunica\u00e7\u00f5es e Artes da USP. T\u00edtulo: TIPOTRETALETRA: Sobre arapucas, pesquisa, mukambus e suportes (2015).\u00a0 Tem experi\u00eancia na \u00e1rea de Educa\u00e7\u00e3o, com \u00eanfase em Pr\u00e1ticas de Educa\u00e7\u00e3o e processos art\u00edsticos, Educa\u00e7\u00e3o para as rela\u00e7\u00f5es \u00e9tnico-raciais e Educa\u00e7\u00e3o ambiental. Desenvolve os seguintes projetos de pesquisa: Ascend\u00eancia, Afrobrasilidades e Autorias: Pr\u00e1tica po\u00e9tica e educativa e Po\u00e9ticas da natureza inscritas nas disputas e nas negocia\u00e7\u00f5es do retrato e do corpo afro ind\u00edgena como paisagem articulada pela mem\u00f3ria ambiental. Como artista participou de exposi\u00e7\u00f5es na Galeria Di\u00e1spora em S\u00e3o Paulo, Piccola Galeria\/Casa Fiat (MG), Programa de exposi\u00e7\u00f5es do Centro Cultural S\u00e3o Paulo, SESC S\u00e3o Paulo entre outras institui\u00e7\u00f5es. Possui\u00a0 publica\u00e7\u00f5es na \u00e1rea de hist\u00f3ria da arte e educa\u00e7\u00e3o. Desenvolve os seguintes projetos de pesquisa: <i>Ascend\u00eancia, Afrobrasilidades e Autorias: Pr\u00e1tica po\u00e9tica e educativa <\/i>e<i> Po\u00e9ticas da natureza inscritas nas disputas e nas negocia\u00e7\u00f5es do retrato e do corpo afro ind\u00edgena como paisagem articulada pela mem\u00f3ria ambiental<\/i>. Participou de exposi\u00e7\u00f5es coletivas e individuais em diferentes institui\u00e7\u00f5es art\u00edsticas e culturais do pa\u00eds. <\/span><span style=\"color: #999999;\">A leitura cr\u00edtica, metodol\u00f3gica e epistemol\u00f3gica sobre a produ\u00e7\u00e3o de arte contempor\u00e2nea de autoria negra\u00a0 na constitui\u00e7\u00e3o de arquivos\u00a0 para a pesquisa <em>A cena afro-brasileira nas artes visuais de S\u00e3o Paulo<\/em>, edital Pr\u00eamio Pesquisador 2017\/ Centro Cultural S\u00e3o Paulo, desenvolvida em conjunto com a professora\u00a0 Janaina Barros Silva Viana que compreende a\u00a0 forma\u00e7\u00e3o de arquivos sobre artistas negros que participaram da Mostra Programa de Exposi\u00e7\u00f5es, entre o per\u00edodo de 1994 a 2017, em di\u00e1logo com outras produ\u00e7\u00f5es contempor\u00e2neas. Este arquivo consiste em cat\u00e1logos, folders, registros fotogr\u00e1ficos de exposi\u00e7\u00e3o, artistas, de visitas a ateli\u00eas, processos de trabalho, registros de v\u00eddeos e \u00e1udios de entrevistas acompanhadas de transcri\u00e7\u00f5es pertencente ao Arquivo Multimeios do CCSP.\u00a0<\/span><\/p>\n<p style=\"text-align: left;\" align=\"center\"><span style=\"margin: 0px; color: #333333; font-family: Calibri, 'sans-serif';\">\u00a0<\/span><\/p>\n<p><span style=\"color: #333333;\"><img decoding=\"async\" loading=\"lazy\" class=\"aligncenter wp-image-896\" src=\"https:\/\/labcult.eci.ufmg.br\/epistemologiacomunitaria\/wp-content\/uploads\/2019\/08\/LOGO-EC-Final-com-escrita-Modelo.png\" alt=\"\" width=\"600\" height=\"600\" srcset=\"https:\/\/eba.ufmg.br\/epistemologiascomunitarias\/wp-content\/uploads\/2019\/08\/LOGO-EC-Final-com-escrita-Modelo.png 500w, https:\/\/eba.ufmg.br\/epistemologiascomunitarias\/wp-content\/uploads\/2019\/08\/LOGO-EC-Final-com-escrita-Modelo-150x150.png 150w, https:\/\/eba.ufmg.br\/epistemologiascomunitarias\/wp-content\/uploads\/2019\/08\/LOGO-EC-Final-com-escrita-Modelo-300x300.png 300w\" sizes=\"(max-width: 600px) 100vw, 600px\" \/><\/span><\/p>\n<h4>\u00a0<\/h4>\n<h4>\u00a0<\/h4>\n<h4 style=\"text-align: center;\"><span style=\"color: #999999;\">Realiza\u00e7\u00e3o<\/span><\/h4>\n<p><img decoding=\"async\" loading=\"lazy\" class=\"wp-image-2877 alignleft\" src=\"https:\/\/eba.ufmg.br\/epistemologiascomunitarias\/wp-content\/uploads\/2024\/07\/cropped-cropped-Imagem-Cabecalho-Wordpress-Tema-Accelerate-3-300x38.png\" alt=\"\" width=\"697\" height=\"88\" srcset=\"https:\/\/eba.ufmg.br\/epistemologiascomunitarias\/wp-content\/uploads\/2024\/07\/cropped-cropped-Imagem-Cabecalho-Wordpress-Tema-Accelerate-3-300x38.png 300w, https:\/\/eba.ufmg.br\/epistemologiascomunitarias\/wp-content\/uploads\/2024\/07\/cropped-cropped-Imagem-Cabecalho-Wordpress-Tema-Accelerate-3-1024x129.png 1024w, https:\/\/eba.ufmg.br\/epistemologiascomunitarias\/wp-content\/uploads\/2024\/07\/cropped-cropped-Imagem-Cabecalho-Wordpress-Tema-Accelerate-3-768x97.png 768w, https:\/\/eba.ufmg.br\/epistemologiascomunitarias\/wp-content\/uploads\/2024\/07\/cropped-cropped-Imagem-Cabecalho-Wordpress-Tema-Accelerate-3.png 1483w\" sizes=\"(max-width: 697px) 100vw, 697px\" \/><\/p>\n<p><img decoding=\"async\" loading=\"lazy\" class=\"wp-image-2889 alignright\" src=\"https:\/\/eba.ufmg.br\/epistemologiascomunitarias\/wp-content\/uploads\/2024\/07\/ufmg-logo-0-1-300x300.png\" alt=\"\" width=\"104\" height=\"104\" srcset=\"https:\/\/eba.ufmg.br\/epistemologiascomunitarias\/wp-content\/uploads\/2024\/07\/ufmg-logo-0-1-300x300.png 300w, https:\/\/eba.ufmg.br\/epistemologiascomunitarias\/wp-content\/uploads\/2024\/07\/ufmg-logo-0-1-1024x1024.png 1024w, https:\/\/eba.ufmg.br\/epistemologiascomunitarias\/wp-content\/uploads\/2024\/07\/ufmg-logo-0-1-150x150.png 150w, https:\/\/eba.ufmg.br\/epistemologiascomunitarias\/wp-content\/uploads\/2024\/07\/ufmg-logo-0-1-768x768.png 768w, https:\/\/eba.ufmg.br\/epistemologiascomunitarias\/wp-content\/uploads\/2024\/07\/ufmg-logo-0-1-1536x1536.png 1536w, https:\/\/eba.ufmg.br\/epistemologiascomunitarias\/wp-content\/uploads\/2024\/07\/ufmg-logo-0-1.png 2048w\" sizes=\"(max-width: 104px) 100vw, 104px\" \/><\/p>\n\n\n<div class=\"wp-block-group is-layout-constrained wp-block-group-is-layout-constrained\"><div class=\"wp-block-group__inner-container\">\n<div class=\"wp-block-group is-layout-constrained wp-block-group-is-layout-constrained\"><div class=\"wp-block-group__inner-container\">\n<div class=\"wp-block-group has-small-font-size is-layout-constrained wp-block-group-is-layout-constrained\"><div class=\"wp-block-group__inner-container\"><\/div><\/div>\n<\/div><\/div>\n<\/div><\/div>\n","protected":false},"excerpt":{"rendered":"<p>\u00a0 PESQUISA E COORDENA\u00c7\u00c3O \u00a0 \u00a0 \u00a0 Janaina Barros Artista visual, pesquisadora, curadora, cr\u00edtica de arte, professora adjunta pelo Departamento de Artes Pl\u00e1sticas da Escola de Belas Artes da Universidade Federal de Minas Gerais desde 2019. Atua na \u00e1rea de Teoria, Cr\u00edtica e Hist\u00f3ria da Arte. Artista visual. P\u00f3s-doutorado, bolsa CAPES PNPD 2018-2020, pelo Programa [&hellip;]<\/p>\n","protected":false},"author":2,"featured_media":2212,"parent":0,"menu_order":0,"comment_status":"closed","ping_status":"closed","template":"","meta":{"footnotes":""},"_links":{"self":[{"href":"https:\/\/eba.ufmg.br\/epistemologiascomunitarias\/index.php\/wp-json\/wp\/v2\/pages\/2125"}],"collection":[{"href":"https:\/\/eba.ufmg.br\/epistemologiascomunitarias\/index.php\/wp-json\/wp\/v2\/pages"}],"about":[{"href":"https:\/\/eba.ufmg.br\/epistemologiascomunitarias\/index.php\/wp-json\/wp\/v2\/types\/page"}],"author":[{"embeddable":true,"href":"https:\/\/eba.ufmg.br\/epistemologiascomunitarias\/index.php\/wp-json\/wp\/v2\/users\/2"}],"replies":[{"embeddable":true,"href":"https:\/\/eba.ufmg.br\/epistemologiascomunitarias\/index.php\/wp-json\/wp\/v2\/comments?post=2125"}],"version-history":[{"count":122,"href":"https:\/\/eba.ufmg.br\/epistemologiascomunitarias\/index.php\/wp-json\/wp\/v2\/pages\/2125\/revisions"}],"predecessor-version":[{"id":3045,"href":"https:\/\/eba.ufmg.br\/epistemologiascomunitarias\/index.php\/wp-json\/wp\/v2\/pages\/2125\/revisions\/3045"}],"wp:featuredmedia":[{"embeddable":true,"href":"https:\/\/eba.ufmg.br\/epistemologiascomunitarias\/index.php\/wp-json\/wp\/v2\/media\/2212"}],"wp:attachment":[{"href":"https:\/\/eba.ufmg.br\/epistemologiascomunitarias\/index.php\/wp-json\/wp\/v2\/media?parent=2125"}],"curies":[{"name":"wp","href":"https:\/\/api.w.org\/{rel}","templated":true}]}}