{"id":374,"date":"2019-05-29T20:11:43","date_gmt":"2019-05-29T23:11:43","guid":{"rendered":"https:\/\/labcult.eci.ufmg.br\/epistemologiacomunitaria\/?page_id=374"},"modified":"2025-09-29T15:41:44","modified_gmt":"2025-09-29T18:41:44","slug":"eustaquio-neves","status":"publish","type":"page","link":"https:\/\/eba.ufmg.br\/epistemologiascomunitarias\/index.php\/eustaquio-neves\/","title":{"rendered":"Eust\u00e1quio Neves"},"content":{"rendered":"<p><img decoding=\"async\" loading=\"lazy\" class=\"aligncenter wp-image-406 size-full\" src=\"https:\/\/labcult.eci.ufmg.br\/epistemologiacomunitaria\/wp-content\/uploads\/2019\/06\/IMG_9619-e1559775118455.jpg\" alt=\"\" width=\"1024\" height=\"683\" \/><\/p>\n<blockquote>\n<p style=\"text-align: justify;\"><span style=\"color: #999999;\">Meu nome art\u00edstico \u00e9 Eust\u00e1quio Neves. O meu nome completo \u00e9 Jos\u00e9 Eust\u00e1quio Neves de Paula. Eu nasci em Juatuba, interior de Minas Gerais, em 1955. Dez de fevereiro. Eu sou o filho mais velho de uma fam\u00edlia de cinco irm\u00e3os&#8230; (Tive) uma cria\u00e7\u00e3o matriarcal.<\/span> <span style=\"color: #999999;\">Eu sempre lidei com todas as quest\u00f5es que eu costumava abordar de forma bastante org\u00e2nica. Assim, desde crian\u00e7a, eu era aquele menino que constru\u00eda o pr\u00f3prio brinquedo. Eu sempre gostei dessa coisa do fazer.Enquanto eu me descobri artista&#8230; Assim, quando me interessou as Artes, eu estava um pouco maduro para entender alguma coisa. \u00a0A minha\u00a0 primeira incurs\u00e3o foi pela m\u00fasica. Eu queria ser m\u00fasico. Eu queria muito ser m\u00fasico,\u00a0mas&#8230;\u00a0 At\u00e9 que eu descobri que eu n\u00e3o tinha disciplina nenhuma para ser m\u00fasico. Era s\u00f3 mesmo muita vontade. A fotografia\u00a0veio de uma forma \u00a0bem libertadora, \u00a0porque eu senti que eu tinha uma liberdade muito grande de me mover ali dentro das imagens.Uma coisa que me interessa muito s\u00e3o esses tr\u00e2nsitos entre m\u00eddias. A fotografia me proporcionou isso&#8230;<\/span><\/p>\n<p style=\"text-align: justify;\"><span style=\"color: #999999;\">&#8211; Ah, o cara queria fazer cinema tamb\u00e9m! Mas, a\u00ed&#8230; \u00a0Bom, cinema \u00e9 uma coisa cara de fazer.<\/span><\/p>\n<p style=\"text-align: justify;\"><span style=\"color: #999999;\">Eu fotografava pensando como cineasta. At\u00e9 que quando eu vou fazer v\u00eddeo eu descubro que fotografia n\u00e3o tem nada a ver com cinema no fazer e que v\u00eddeo tamb\u00e9m n\u00e3o&#8230;.<\/span> <span style=\"color: #999999;\">Ent\u00e3o, essas coisas vieram somando ao meu trabalho. A experi\u00eancia de uma \u00e1rea e de outra. E, o meu processo de cria\u00e7\u00e3o \u00e9 isso: Eu tenho a necessidade de descobrir&#8230;<\/span><\/p>\n<\/blockquote>\n<p><!--more--><\/p>\n<h2><\/h2>\n<h2><img decoding=\"async\" loading=\"lazy\" class=\"size-medium wp-image-1112 aligncenter\" src=\"https:\/\/eba.ufmg.br\/epistemologiascomunitarias\/wp-content\/uploads\/2019\/08\/cropped-LOGO-EC-Final-modelo-2-1-300x300.png\" alt=\"\" width=\"300\" height=\"300\" srcset=\"https:\/\/eba.ufmg.br\/epistemologiascomunitarias\/wp-content\/uploads\/2019\/08\/cropped-LOGO-EC-Final-modelo-2-1-300x300.png 300w, https:\/\/eba.ufmg.br\/epistemologiascomunitarias\/wp-content\/uploads\/2019\/08\/cropped-LOGO-EC-Final-modelo-2-1-150x150.png 150w, https:\/\/eba.ufmg.br\/epistemologiascomunitarias\/wp-content\/uploads\/2019\/08\/cropped-LOGO-EC-Final-modelo-2-1-270x270.png 270w, https:\/\/eba.ufmg.br\/epistemologiascomunitarias\/wp-content\/uploads\/2019\/08\/cropped-LOGO-EC-Final-modelo-2-1-192x192.png 192w, https:\/\/eba.ufmg.br\/epistemologiascomunitarias\/wp-content\/uploads\/2019\/08\/cropped-LOGO-EC-Final-modelo-2-1-180x180.png 180w, https:\/\/eba.ufmg.br\/epistemologiascomunitarias\/wp-content\/uploads\/2019\/08\/cropped-LOGO-EC-Final-modelo-2-1-32x32.png 32w, https:\/\/eba.ufmg.br\/epistemologiascomunitarias\/wp-content\/uploads\/2019\/08\/cropped-LOGO-EC-Final-modelo-2-1.png 512w\" sizes=\"(max-width: 300px) 100vw, 300px\" \/><\/h2>\n<h2><\/h2>\n<h2><\/h2>\n<h2><span style=\"color: #ff0000;\">TERRIT\u00d3RIOS PERFORMATIVOS:<\/span><\/h2>\n<h2><span style=\"color: #666699;\">O LUGAR DA PO\u00c9TICA:<\/span><\/h2>\n<p><a href=\"https:\/\/labcult.eci.ufmg.br\/epistemologiacomunitaria\/index.php\/ape_gallery\/eustaquio-neves\/\"><img decoding=\"async\" loading=\"lazy\" class=\"alignnone wp-image-445 size-large\" src=\"https:\/\/labcult.eci.ufmg.br\/epistemologiacomunitaria\/wp-content\/uploads\/2019\/06\/IMG_9608-1024x683.jpg\" alt=\"\" width=\"640\" height=\"427\" srcset=\"https:\/\/eba.ufmg.br\/epistemologiascomunitarias\/wp-content\/uploads\/2019\/06\/IMG_9608-1024x683.jpg 1024w, https:\/\/eba.ufmg.br\/epistemologiascomunitarias\/wp-content\/uploads\/2019\/06\/IMG_9608-300x200.jpg 300w, https:\/\/eba.ufmg.br\/epistemologiascomunitarias\/wp-content\/uploads\/2019\/06\/IMG_9608-768x512.jpg 768w, https:\/\/eba.ufmg.br\/epistemologiascomunitarias\/wp-content\/uploads\/2019\/06\/IMG_9608.jpg 2048w\" sizes=\"(max-width: 640px) 100vw, 640px\" \/><\/a><\/p>\n<h2><img decoding=\"async\" loading=\"lazy\" class=\" wp-image-1112 aligncenter\" src=\"https:\/\/eba.ufmg.br\/epistemologiascomunitarias\/wp-content\/uploads\/2019\/08\/cropped-LOGO-EC-Final-modelo-2-1-300x300.png\" alt=\"\" width=\"360\" height=\"360\" srcset=\"https:\/\/eba.ufmg.br\/epistemologiascomunitarias\/wp-content\/uploads\/2019\/08\/cropped-LOGO-EC-Final-modelo-2-1-300x300.png 300w, https:\/\/eba.ufmg.br\/epistemologiascomunitarias\/wp-content\/uploads\/2019\/08\/cropped-LOGO-EC-Final-modelo-2-1-150x150.png 150w, https:\/\/eba.ufmg.br\/epistemologiascomunitarias\/wp-content\/uploads\/2019\/08\/cropped-LOGO-EC-Final-modelo-2-1-270x270.png 270w, https:\/\/eba.ufmg.br\/epistemologiascomunitarias\/wp-content\/uploads\/2019\/08\/cropped-LOGO-EC-Final-modelo-2-1-192x192.png 192w, https:\/\/eba.ufmg.br\/epistemologiascomunitarias\/wp-content\/uploads\/2019\/08\/cropped-LOGO-EC-Final-modelo-2-1-180x180.png 180w, https:\/\/eba.ufmg.br\/epistemologiascomunitarias\/wp-content\/uploads\/2019\/08\/cropped-LOGO-EC-Final-modelo-2-1-32x32.png 32w, https:\/\/eba.ufmg.br\/epistemologiascomunitarias\/wp-content\/uploads\/2019\/08\/cropped-LOGO-EC-Final-modelo-2-1.png 512w\" sizes=\"(max-width: 360px) 100vw, 360px\" \/><\/h2>\n<h2><span style=\"color: #666699;\">O LUGAR\u00a0 DA\u00a0 AUTORIA:<\/span><\/h2>\n<h1><span style=\"color: #ff0000;\">1.<\/span><\/h1>\n<h2><span style=\"color: #999999;\">RETRATO<\/span><\/h2>\n<p><iframe loading=\"lazy\" title=\"Eust\u00e1quio Neves. Retrato 1.\" width=\"640\" height=\"360\" src=\"https:\/\/www.youtube.com\/embed\/imySWgSFHJ8?feature=oembed\" frameborder=\"0\" allow=\"accelerometer; autoplay; clipboard-write; encrypted-media; gyroscope; picture-in-picture; web-share\" referrerpolicy=\"strict-origin-when-cross-origin\" allowfullscreen><\/iframe><\/p>\n<p style=\"text-align: right;\"><span style=\"color: #ffffff;\">Epistemologias Comunit\u00e1rias, 2019<\/span><\/p>\n<p style=\"text-align: right;\"><span style=\"color: #ffffff;\">Eust\u00e1quio Neves<\/span><\/p>\n<p style=\"text-align: right;\"><span style=\"color: #ffffff;\">\u00c1udio\/ Capta\u00e7\u00e3o de imagem (Skype): Janaina Barros Silva Viana<\/span><\/p>\n<p style=\"text-align: right;\"><span style=\"color: #ffffff;\">Registro fotogr\u00e1fico\/Cinegrafista: Wagner Leite Viana<\/span><\/p>\n<p style=\"text-align: right;\"><span style=\"color: #ffffff;\">Edi\u00e7\u00e3o de imagens\/transcri\u00e7\u00e3o\/tradu\u00e7\u00e3o: Rog\u00e9rio Rodrigues<\/span><\/p>\n<p style=\"text-align: right;\"><span style=\"color: #ffffff;\">\u00a0\u00a0\u00a0\u00a0\u00a0\u00a0\u00a0\u00a0\u00a0\u00a0\u00a0\u00a0\u00a0\u00a0\u00a0\u00a0\u00a0\u00a0\u00a0\u00a0\u00a0\u00a0\u00a0\u00a0\u00a0\u00a0\u00a0\u00a0\u00a0\u00a0\u00a0\u00a0\u00a0\u00a0\u00a0\u00a0\u00a0\u00a0\u00a0\u00a0\u00a0\u00a0\u00a0\u00a0\u00a0\u00a0\u00a0\u00a0\u00a0\u00a0\u00a0\u00a0\u00a0\u00a0\u00a0\u00a0\u00a0\u00a0\u00a0\u00a0\u00a0\u00a0\u00a0\u00a0\u00a0\u00a0\u00a0\u00a0\u00a0\u00a0\u00a0\u00a0\u00a0 \u00a0Ana Carolina Horikawa<\/span><\/p>\n<h2><img decoding=\"async\" loading=\"lazy\" class=\"aligncenter wp-image-897\" src=\"https:\/\/labcult.eci.ufmg.br\/epistemologiacomunitaria\/wp-content\/uploads\/2019\/08\/LOGO-EC-Final-modelo-2.png\" alt=\"\" width=\"360\" height=\"360\" \/><\/h2>\n<h1><span style=\"color: #ff0000;\">2.<\/span><\/h1>\n<h2><span style=\"color: #999999;\">RETRATO<\/span><\/h2>\n<p><iframe loading=\"lazy\" title=\"Eust\u00e1quio Neves. Retrato 2.\" width=\"640\" height=\"360\" src=\"https:\/\/www.youtube.com\/embed\/BzMgMYYpSVU?feature=oembed\" frameborder=\"0\" allow=\"accelerometer; autoplay; clipboard-write; encrypted-media; gyroscope; picture-in-picture; web-share\" referrerpolicy=\"strict-origin-when-cross-origin\" allowfullscreen><\/iframe><\/p>\n<p style=\"text-align: right;\"><span style=\"color: #ffffff;\">Epistemologias Comunit\u00e1rias, 2019<\/span><\/p>\n<p style=\"text-align: right;\"><span style=\"color: #ffffff;\">Eust\u00e1quio Neves<\/span><\/p>\n<p style=\"text-align: right;\"><span style=\"color: #ffffff;\">\u00c1udio\/ Capta\u00e7\u00e3o de imagem (Skype): Janaina Barros Silva Viana<\/span><\/p>\n<p style=\"text-align: right;\"><span style=\"color: #ffffff;\">Registro fotogr\u00e1fico\/Cinegrafista: Wagner Leite Viana<\/span><\/p>\n<p style=\"text-align: right;\"><span style=\"color: #ffffff;\">Edi\u00e7\u00e3o de imagens\/transcri\u00e7\u00e3o\/tradu\u00e7\u00e3o: Rog\u00e9rio Rodrigues<\/span><\/p>\n<p style=\"text-align: right;\"><span style=\"color: #ffffff;\">\u00a0\u00a0\u00a0\u00a0\u00a0\u00a0\u00a0\u00a0\u00a0\u00a0\u00a0\u00a0\u00a0\u00a0\u00a0\u00a0\u00a0\u00a0\u00a0\u00a0\u00a0\u00a0\u00a0\u00a0\u00a0\u00a0\u00a0\u00a0\u00a0\u00a0\u00a0\u00a0\u00a0\u00a0\u00a0\u00a0\u00a0\u00a0\u00a0\u00a0\u00a0\u00a0\u00a0\u00a0\u00a0\u00a0\u00a0\u00a0\u00a0\u00a0\u00a0\u00a0\u00a0\u00a0\u00a0\u00a0\u00a0\u00a0\u00a0\u00a0\u00a0\u00a0\u00a0\u00a0\u00a0\u00a0\u00a0\u00a0\u00a0\u00a0\u00a0\u00a0\u00a0 \u00a0Ana Carolina Horikawa<\/span><\/p>\n<p><img decoding=\"async\" loading=\"lazy\" class=\"wp-image-937  aligncenter\" src=\"https:\/\/labcult.eci.ufmg.br\/epistemologiacomunitaria\/wp-content\/uploads\/2019\/08\/LOGO-EC-Final-Modelo-1-300x300.png\" alt=\"\" width=\"360\" height=\"360\" srcset=\"https:\/\/eba.ufmg.br\/epistemologiascomunitarias\/wp-content\/uploads\/2019\/08\/LOGO-EC-Final-Modelo-1-300x300.png 300w, https:\/\/eba.ufmg.br\/epistemologiascomunitarias\/wp-content\/uploads\/2019\/08\/LOGO-EC-Final-Modelo-1-150x150.png 150w, https:\/\/eba.ufmg.br\/epistemologiascomunitarias\/wp-content\/uploads\/2019\/08\/LOGO-EC-Final-Modelo-1.png 500w\" sizes=\"(max-width: 360px) 100vw, 360px\" \/><\/p>\n<h2><span style=\"color: #666699;\">OUTROS TERRIT\u00d3RIOS:<\/span><\/h2>\n<p><a href=\"https:\/\/vimeo.com\/244824994\">https:\/\/vimeo.com\/244824994<\/a><\/p>\n<p><span style=\"color: #ffffff;\">Processo criativo de Eust\u00e1quio Neves, 2017<\/span><\/p>\n<p><span style=\"color: #ffffff;\">Dire\u00e7\u00e3o: C\u00e9lia Antonacci<\/span><\/p>\n<p><span style=\"color: #ffffff;\">Document\u00e1rio<\/span><\/p>\n<p><img decoding=\"async\" loading=\"lazy\" class=\"size-medium wp-image-1112 aligncenter\" src=\"https:\/\/eba.ufmg.br\/epistemologiascomunitarias\/wp-content\/uploads\/2019\/08\/cropped-LOGO-EC-Final-modelo-2-1-300x300.png\" alt=\"\" width=\"300\" height=\"300\" srcset=\"https:\/\/eba.ufmg.br\/epistemologiascomunitarias\/wp-content\/uploads\/2019\/08\/cropped-LOGO-EC-Final-modelo-2-1-300x300.png 300w, https:\/\/eba.ufmg.br\/epistemologiascomunitarias\/wp-content\/uploads\/2019\/08\/cropped-LOGO-EC-Final-modelo-2-1-150x150.png 150w, https:\/\/eba.ufmg.br\/epistemologiascomunitarias\/wp-content\/uploads\/2019\/08\/cropped-LOGO-EC-Final-modelo-2-1-270x270.png 270w, https:\/\/eba.ufmg.br\/epistemologiascomunitarias\/wp-content\/uploads\/2019\/08\/cropped-LOGO-EC-Final-modelo-2-1-192x192.png 192w, https:\/\/eba.ufmg.br\/epistemologiascomunitarias\/wp-content\/uploads\/2019\/08\/cropped-LOGO-EC-Final-modelo-2-1-180x180.png 180w, https:\/\/eba.ufmg.br\/epistemologiascomunitarias\/wp-content\/uploads\/2019\/08\/cropped-LOGO-EC-Final-modelo-2-1-32x32.png 32w, https:\/\/eba.ufmg.br\/epistemologiascomunitarias\/wp-content\/uploads\/2019\/08\/cropped-LOGO-EC-Final-modelo-2-1.png 512w\" sizes=\"(max-width: 300px) 100vw, 300px\" \/><\/p>\n<p><iframe loading=\"lazy\" title=\"Ateli\u00ea do Artista: Eust\u00e1quio Neves\" width=\"640\" height=\"360\" src=\"https:\/\/www.youtube.com\/embed\/uuSJpNbiS6U?feature=oembed\" frameborder=\"0\" allow=\"accelerometer; autoplay; clipboard-write; encrypted-media; gyroscope; picture-in-picture; web-share\" referrerpolicy=\"strict-origin-when-cross-origin\" allowfullscreen><\/iframe><\/p>\n<p class=\"title style-scope ytd-video-primary-info-renderer\"><span style=\"color: #ffffff;\">Ateli\u00ea do Artista: Eust\u00e1quio Neves, 2019<\/span><\/p>\n<p><span style=\"color: #ffffff;\">Revista Bravo!<\/span><\/p>\n<p><span style=\"color: #ffffff;\">Document\u00e1rio<\/span><\/p>\n<p><img decoding=\"async\" loading=\"lazy\" class=\"size-medium wp-image-1112 aligncenter\" src=\"https:\/\/eba.ufmg.br\/epistemologiascomunitarias\/wp-content\/uploads\/2019\/08\/cropped-LOGO-EC-Final-modelo-2-1-300x300.png\" alt=\"\" width=\"300\" height=\"300\" srcset=\"https:\/\/eba.ufmg.br\/epistemologiascomunitarias\/wp-content\/uploads\/2019\/08\/cropped-LOGO-EC-Final-modelo-2-1-300x300.png 300w, https:\/\/eba.ufmg.br\/epistemologiascomunitarias\/wp-content\/uploads\/2019\/08\/cropped-LOGO-EC-Final-modelo-2-1-150x150.png 150w, https:\/\/eba.ufmg.br\/epistemologiascomunitarias\/wp-content\/uploads\/2019\/08\/cropped-LOGO-EC-Final-modelo-2-1-270x270.png 270w, https:\/\/eba.ufmg.br\/epistemologiascomunitarias\/wp-content\/uploads\/2019\/08\/cropped-LOGO-EC-Final-modelo-2-1-192x192.png 192w, https:\/\/eba.ufmg.br\/epistemologiascomunitarias\/wp-content\/uploads\/2019\/08\/cropped-LOGO-EC-Final-modelo-2-1-180x180.png 180w, https:\/\/eba.ufmg.br\/epistemologiascomunitarias\/wp-content\/uploads\/2019\/08\/cropped-LOGO-EC-Final-modelo-2-1-32x32.png 32w, https:\/\/eba.ufmg.br\/epistemologiascomunitarias\/wp-content\/uploads\/2019\/08\/cropped-LOGO-EC-Final-modelo-2-1.png 512w\" sizes=\"(max-width: 300px) 100vw, 300px\" \/><\/p>\n<p><iframe loading=\"lazy\" title=\"Eustaquio Neves\" width=\"640\" height=\"360\" src=\"https:\/\/www.youtube.com\/embed\/id3V8kMT29c?feature=oembed\" frameborder=\"0\" allow=\"accelerometer; autoplay; clipboard-write; encrypted-media; gyroscope; picture-in-picture; web-share\" referrerpolicy=\"strict-origin-when-cross-origin\" allowfullscreen><\/iframe><\/p>\n<p><span style=\"color: #ffffff;\">Eustaquio Neves, 2021<\/span><br \/>\n<span style=\"color: #ffffff;\">Art\u00e9rias<\/span><br \/>\n<span style=\"color: #ffffff;\">SescTV<\/span><\/p>\n<p><img decoding=\"async\" loading=\"lazy\" class=\"size-medium wp-image-1112 aligncenter\" src=\"https:\/\/eba.ufmg.br\/epistemologiascomunitarias\/wp-content\/uploads\/2019\/08\/cropped-LOGO-EC-Final-modelo-2-1-300x300.png\" alt=\"\" width=\"300\" height=\"300\" srcset=\"https:\/\/eba.ufmg.br\/epistemologiascomunitarias\/wp-content\/uploads\/2019\/08\/cropped-LOGO-EC-Final-modelo-2-1-300x300.png 300w, https:\/\/eba.ufmg.br\/epistemologiascomunitarias\/wp-content\/uploads\/2019\/08\/cropped-LOGO-EC-Final-modelo-2-1-150x150.png 150w, https:\/\/eba.ufmg.br\/epistemologiascomunitarias\/wp-content\/uploads\/2019\/08\/cropped-LOGO-EC-Final-modelo-2-1-270x270.png 270w, https:\/\/eba.ufmg.br\/epistemologiascomunitarias\/wp-content\/uploads\/2019\/08\/cropped-LOGO-EC-Final-modelo-2-1-192x192.png 192w, https:\/\/eba.ufmg.br\/epistemologiascomunitarias\/wp-content\/uploads\/2019\/08\/cropped-LOGO-EC-Final-modelo-2-1-180x180.png 180w, https:\/\/eba.ufmg.br\/epistemologiascomunitarias\/wp-content\/uploads\/2019\/08\/cropped-LOGO-EC-Final-modelo-2-1-32x32.png 32w, https:\/\/eba.ufmg.br\/epistemologiascomunitarias\/wp-content\/uploads\/2019\/08\/cropped-LOGO-EC-Final-modelo-2-1.png 512w\" sizes=\"(max-width: 300px) 100vw, 300px\" \/><\/p>\n<h2><span style=\"color: #666699;\">P\u00c1GINAS SOBRE O ARTISTA:<\/span><\/h2>\n<p><span style=\"color: #ffffff;\">Instagram: @eustaquioseven<\/span><\/p>\n<p><span style=\"color: #ffffff;\"><a style=\"color: #ffffff;\" href=\"https:\/\/enciclopedia.itaucultural.org.br\/pessoas\/4700-eustaquio-neves\">https:\/\/enciclopedia.itaucultural.org.br\/pessoas\/4700-eustaquio-neves<\/a><\/span><\/p>\n<p><span style=\"color: #ffffff;\"><a style=\"color: #ffffff;\" href=\"https:\/\/museuafrobrasil.org.br\/pessoas-grupos-instituicoes-organizacoes\/eustaquio-neves\/\">https:\/\/museuafrobrasil.org.br\/pessoas-grupos-instituicoes-organizacoes\/eustaquio-neves\/<\/a><\/span><\/p>\n<p><span style=\"color: #ffffff;\"><a style=\"color: #ffffff;\" href=\"http:\/\/site.videobrasil.org.br\/acervo\/artistas\/artista\/137207\">http:\/\/site.videobrasil.org.br\/acervo\/artistas\/artista\/137207<\/a><\/span><\/p>\n<p><span style=\"color: #ffffff;\"><a style=\"color: #ffffff;\" href=\"https:\/\/ims.com.br\/titular-colecao\/eustaquio-neves\/\">https:\/\/ims.com.br\/titular-colecao\/eustaquio-neves\/<\/a><\/span><\/p>\n<p><span style=\"color: #ffffff;\"><a style=\"color: #ffffff;\" href=\"https:\/\/galeriavermelho.com.br\/artistas\/eustaquio-neves\/\">https:\/\/galeriavermelho.com.br\/artistas\/eustaquio-neves\/<\/a><\/span><\/p>\n<p><span style=\"color: #ffffff;\"><a style=\"color: #ffffff;\" href=\"https:\/\/projetoafro.com\/artista\/eustaquio-neves\/\">https:\/\/projetoafro.com\/artista\/eustaquio-neves\/<\/a><\/span><\/p>\n<p><img decoding=\"async\" loading=\"lazy\" class=\"wp-image-896 aligncenter\" src=\"https:\/\/eba.ufmg.br\/epistemologiascomunitarias\/wp-content\/uploads\/2019\/08\/LOGO-EC-Final-com-escrita-Modelo-300x300.png\" alt=\"\" width=\"399\" height=\"399\" srcset=\"https:\/\/eba.ufmg.br\/epistemologiascomunitarias\/wp-content\/uploads\/2019\/08\/LOGO-EC-Final-com-escrita-Modelo-300x300.png 300w, https:\/\/eba.ufmg.br\/epistemologiascomunitarias\/wp-content\/uploads\/2019\/08\/LOGO-EC-Final-com-escrita-Modelo-150x150.png 150w, https:\/\/eba.ufmg.br\/epistemologiascomunitarias\/wp-content\/uploads\/2019\/08\/LOGO-EC-Final-com-escrita-Modelo.png 500w\" sizes=\"(max-width: 399px) 100vw, 399px\" \/><\/p>\n","protected":false},"excerpt":{"rendered":"<p>Meu nome art\u00edstico \u00e9 Eust\u00e1quio Neves. O meu nome completo \u00e9 Jos\u00e9 Eust\u00e1quio Neves de Paula. Eu nasci em Juatuba, interior de Minas Gerais, em 1955. Dez de fevereiro. Eu sou o filho mais velho de uma fam\u00edlia de cinco irm\u00e3os&#8230; (Tive) uma cria\u00e7\u00e3o matriarcal. Eu sempre lidei com todas as quest\u00f5es que eu costumava [&hellip;]<\/p>\n","protected":false},"author":2,"featured_media":383,"parent":0,"menu_order":0,"comment_status":"closed","ping_status":"closed","template":"","meta":{"footnotes":""},"_links":{"self":[{"href":"https:\/\/eba.ufmg.br\/epistemologiascomunitarias\/index.php\/wp-json\/wp\/v2\/pages\/374"}],"collection":[{"href":"https:\/\/eba.ufmg.br\/epistemologiascomunitarias\/index.php\/wp-json\/wp\/v2\/pages"}],"about":[{"href":"https:\/\/eba.ufmg.br\/epistemologiascomunitarias\/index.php\/wp-json\/wp\/v2\/types\/page"}],"author":[{"embeddable":true,"href":"https:\/\/eba.ufmg.br\/epistemologiascomunitarias\/index.php\/wp-json\/wp\/v2\/users\/2"}],"replies":[{"embeddable":true,"href":"https:\/\/eba.ufmg.br\/epistemologiascomunitarias\/index.php\/wp-json\/wp\/v2\/comments?post=374"}],"version-history":[{"count":97,"href":"https:\/\/eba.ufmg.br\/epistemologiascomunitarias\/index.php\/wp-json\/wp\/v2\/pages\/374\/revisions"}],"predecessor-version":[{"id":3286,"href":"https:\/\/eba.ufmg.br\/epistemologiascomunitarias\/index.php\/wp-json\/wp\/v2\/pages\/374\/revisions\/3286"}],"wp:featuredmedia":[{"embeddable":true,"href":"https:\/\/eba.ufmg.br\/epistemologiascomunitarias\/index.php\/wp-json\/wp\/v2\/media\/383"}],"wp:attachment":[{"href":"https:\/\/eba.ufmg.br\/epistemologiascomunitarias\/index.php\/wp-json\/wp\/v2\/media?parent=374"}],"curies":[{"name":"wp","href":"https:\/\/api.w.org\/{rel}","templated":true}]}}