{"id":510,"date":"2019-06-10T09:22:02","date_gmt":"2019-06-10T12:22:02","guid":{"rendered":"https:\/\/labcult.eci.ufmg.br\/epistemologiacomunitaria\/?page_id=510"},"modified":"2025-09-29T15:43:32","modified_gmt":"2025-09-29T18:43:32","slug":"gil-amancio","status":"publish","type":"page","link":"https:\/\/eba.ufmg.br\/epistemologiascomunitarias\/index.php\/gil-amancio\/","title":{"rendered":"Gil Am\u00e2ncio"},"content":{"rendered":"<p><img decoding=\"async\" loading=\"lazy\" class=\"aligncenter wp-image-654\" src=\"https:\/\/labcult.eci.ufmg.br\/epistemologiacomunitaria\/wp-content\/uploads\/2019\/06\/IMG_8000-1.jpg\" alt=\"\" width=\"1110\" height=\"623\" srcset=\"https:\/\/eba.ufmg.br\/epistemologiascomunitarias\/wp-content\/uploads\/2019\/06\/IMG_8000-1.jpg 2048w, https:\/\/eba.ufmg.br\/epistemologiascomunitarias\/wp-content\/uploads\/2019\/06\/IMG_8000-1-300x169.jpg 300w, https:\/\/eba.ufmg.br\/epistemologiascomunitarias\/wp-content\/uploads\/2019\/06\/IMG_8000-1-768x431.jpg 768w, https:\/\/eba.ufmg.br\/epistemologiascomunitarias\/wp-content\/uploads\/2019\/06\/IMG_8000-1-1024x575.jpg 1024w\" sizes=\"(max-width: 1110px) 100vw, 1110px\" \/><\/p>\n<blockquote><p><span style=\"color: #999999;\">Meu nome \u00e9 Gil Am\u00e2ncio.\u00a0 Eu sou m\u00fasico, mas a minha trajet\u00f3ria como artista&#8230; Eu entro na cena art\u00edstica de Belo Horizonte como ator. Ent\u00e3o, passo pelo teatro. Depois, eu entro um pouco pela dan\u00e7a e a m\u00fasica. Eu sou de Belo Horizonte. Nasci em 1954 em Santa Teresa. \u00a0\u00a0O interessante porque eu estudei numa escola p\u00fablica no grupo&#8230; Depois, fui para uma escola p\u00fablica tamb\u00e9m, mas o Col\u00e9gio Tiradentes, que era um col\u00e9gio militar. E&#8230; Consegui sobreviver a essa educa\u00e7\u00e3o r\u00edgida do col\u00e9gio militar. Mas, isso nunca bloqueou assim a quest\u00e3o da arte e da cria\u00e7\u00e3o.\u00a0 Ali\u00e1s, pelo contr\u00e1rio, foi l\u00e1 que eu comecei a participar dos primeiros grupos de teatro, a cantar e a tocar viol\u00e3o. Foi muito forte esse momento do col\u00e9gio.<\/span><\/p>\n<p><span style=\"color: #999999;\">Eu sou filho adotivo. Eu sou o primeiro filho. Mas, logo, depois vem minha irm\u00e3. E a\u00ed uma tia minha come\u00e7ou a ajudar a minha m\u00e3e. Ent\u00e3o, ela me pegava de manh\u00e3 e me levava para a casa dela. E, nessa ida e vinda, foram chegando mais gente l\u00e1 em casa e acabei ficando com a minha tia e meu tio. Vou passar a minha vida com eles. Mas, l\u00f3gico, tendo um contato com a minha fam\u00edlia: minha m\u00e3e e meu pai&#8230;<\/span><\/p>\n<p><span style=\"color: #999999;\">E, ter ido para Santa Teresa, morar em Santa Teresa foi muito bacana!\u00a0 Porque Santa Teresa \u00e9 um bairro de Belo Horizonte que tem uma vida cultural muito grande. Ent\u00e3o, coisas que me marcaram muito foram&#8230; que na minha inf\u00e2ncia eu morava do lado do Cine Santa Teresa e tinha cinema na rua. Ent\u00e3o, eu via muito cinema na igreja. Tinha proje\u00e7\u00e3o de cinema.\u00a0 Minha av\u00f3 gostava muito tamb\u00e9m de cinema. A gente ia muito ao Cine Santa Teresa que era do lado da casa dela. Ent\u00e3o, esse ambiente, a coisa da m\u00fasica e do Bloco Caricato, \u00a0estava muito presente no bairro Santa Teresa. E eu convivi com esse universo durante a minha vida. Ent\u00e3o, \u00e9 um pouco esse universo a qual eu cresci&#8230;<\/span><\/p><\/blockquote>\n<p><!--more--><\/p>\n<p><img decoding=\"async\" loading=\"lazy\" class=\"size-medium wp-image-1112 aligncenter\" src=\"https:\/\/eba.ufmg.br\/epistemologiascomunitarias\/wp-content\/uploads\/2019\/08\/cropped-LOGO-EC-Final-modelo-2-1-300x300.png\" alt=\"\" width=\"300\" height=\"300\" srcset=\"https:\/\/eba.ufmg.br\/epistemologiascomunitarias\/wp-content\/uploads\/2019\/08\/cropped-LOGO-EC-Final-modelo-2-1-300x300.png 300w, https:\/\/eba.ufmg.br\/epistemologiascomunitarias\/wp-content\/uploads\/2019\/08\/cropped-LOGO-EC-Final-modelo-2-1-150x150.png 150w, https:\/\/eba.ufmg.br\/epistemologiascomunitarias\/wp-content\/uploads\/2019\/08\/cropped-LOGO-EC-Final-modelo-2-1-270x270.png 270w, https:\/\/eba.ufmg.br\/epistemologiascomunitarias\/wp-content\/uploads\/2019\/08\/cropped-LOGO-EC-Final-modelo-2-1-192x192.png 192w, https:\/\/eba.ufmg.br\/epistemologiascomunitarias\/wp-content\/uploads\/2019\/08\/cropped-LOGO-EC-Final-modelo-2-1-180x180.png 180w, https:\/\/eba.ufmg.br\/epistemologiascomunitarias\/wp-content\/uploads\/2019\/08\/cropped-LOGO-EC-Final-modelo-2-1-32x32.png 32w, https:\/\/eba.ufmg.br\/epistemologiascomunitarias\/wp-content\/uploads\/2019\/08\/cropped-LOGO-EC-Final-modelo-2-1.png 512w\" sizes=\"(max-width: 300px) 100vw, 300px\" \/><\/p>\n<h2><span style=\"color: #ff0000;\">TERRIT\u00d3RIOS PERFORMATIVOS:<\/span><\/h2>\n<h2><span style=\"color: #666699;\">O LUGAR DA PO\u00c9TICA:<\/span><\/h2>\n<p><a href=\" https:\/\/labcult.eci.ufmg.br\/epistemologiacomunitaria\/index.php\/ape_gallery\/gil-amancio\/\"><img decoding=\"async\" loading=\"lazy\" class=\"alignleft wp-image-677 size-large\" src=\"https:\/\/labcult.eci.ufmg.br\/epistemologiacomunitaria\/wp-content\/uploads\/2019\/06\/IMG_8042-1-1024x683.jpg\" alt=\"\" width=\"640\" height=\"427\" srcset=\"https:\/\/eba.ufmg.br\/epistemologiascomunitarias\/wp-content\/uploads\/2019\/06\/IMG_8042-1-1024x683.jpg 1024w, https:\/\/eba.ufmg.br\/epistemologiascomunitarias\/wp-content\/uploads\/2019\/06\/IMG_8042-1-300x200.jpg 300w, https:\/\/eba.ufmg.br\/epistemologiascomunitarias\/wp-content\/uploads\/2019\/06\/IMG_8042-1-768x512.jpg 768w, https:\/\/eba.ufmg.br\/epistemologiascomunitarias\/wp-content\/uploads\/2019\/06\/IMG_8042-1.jpg 2048w\" sizes=\"(max-width: 640px) 100vw, 640px\" \/><\/a><\/p>\n<h2><\/h2>\n<h2><\/h2>\n<h2><\/h2>\n<h2><\/h2>\n<h2><\/h2>\n<h2><\/h2>\n<h2><\/h2>\n<h2><\/h2>\n<h2><img decoding=\"async\" loading=\"lazy\" class=\" wp-image-1112 aligncenter\" src=\"https:\/\/eba.ufmg.br\/epistemologiascomunitarias\/wp-content\/uploads\/2019\/08\/cropped-LOGO-EC-Final-modelo-2-1-300x300.png\" alt=\"\" width=\"360\" height=\"360\" srcset=\"https:\/\/eba.ufmg.br\/epistemologiascomunitarias\/wp-content\/uploads\/2019\/08\/cropped-LOGO-EC-Final-modelo-2-1-300x300.png 300w, https:\/\/eba.ufmg.br\/epistemologiascomunitarias\/wp-content\/uploads\/2019\/08\/cropped-LOGO-EC-Final-modelo-2-1-150x150.png 150w, https:\/\/eba.ufmg.br\/epistemologiascomunitarias\/wp-content\/uploads\/2019\/08\/cropped-LOGO-EC-Final-modelo-2-1-270x270.png 270w, https:\/\/eba.ufmg.br\/epistemologiascomunitarias\/wp-content\/uploads\/2019\/08\/cropped-LOGO-EC-Final-modelo-2-1-192x192.png 192w, https:\/\/eba.ufmg.br\/epistemologiascomunitarias\/wp-content\/uploads\/2019\/08\/cropped-LOGO-EC-Final-modelo-2-1-180x180.png 180w, https:\/\/eba.ufmg.br\/epistemologiascomunitarias\/wp-content\/uploads\/2019\/08\/cropped-LOGO-EC-Final-modelo-2-1-32x32.png 32w, https:\/\/eba.ufmg.br\/epistemologiascomunitarias\/wp-content\/uploads\/2019\/08\/cropped-LOGO-EC-Final-modelo-2-1.png 512w\" sizes=\"(max-width: 360px) 100vw, 360px\" \/><\/h2>\n<h2><span style=\"color: #666699;\">O LUGAR\u00a0 DA\u00a0 AUTORIA:<\/span><\/h2>\n<h1><span style=\"color: #ff0000;\">1.<\/span><\/h1>\n<h2><span style=\"color: #999999;\">RETRATO<\/span><\/h2>\n<p><iframe loading=\"lazy\" src=\"https:\/\/www.youtube.com\/embed\/JF-IGnEP9Zg\" width=\"560\" height=\"315\" frameborder=\"0\" allowfullscreen=\"allowfullscreen\"><\/iframe><\/p>\n<p style=\"text-align: right;\"><span style=\"color: #ffffff;\">Epistemologias Comunit\u00e1rias, 2019<\/span><\/p>\n<p style=\"text-align: right;\"><span style=\"color: #ffffff;\">Gil Am\u00e2ncio<\/span><\/p>\n<p style=\"text-align: right;\"><span style=\"color: #ffffff;\">\u00c1udio\/ Capta\u00e7\u00e3o de imagem (Skype): Janaina Barros Silva Viana<\/span><\/p>\n<p style=\"text-align: right;\"><span style=\"color: #ffffff;\">Registro fotogr\u00e1fico\/Cinegrafista: Wagner Leite Viana<\/span><\/p>\n<p style=\"text-align: right;\"><span style=\"color: #ffffff;\">Edi\u00e7\u00e3o de imagens\/transcri\u00e7\u00e3o\/tradu\u00e7\u00e3o: Rog\u00e9rio Rodrigues<\/span><\/p>\n<p style=\"text-align: right;\"><span style=\"color: #ffffff;\">\u00a0\u00a0\u00a0\u00a0\u00a0\u00a0\u00a0\u00a0\u00a0\u00a0\u00a0\u00a0\u00a0\u00a0\u00a0\u00a0\u00a0\u00a0\u00a0\u00a0\u00a0\u00a0\u00a0\u00a0\u00a0\u00a0\u00a0\u00a0\u00a0\u00a0\u00a0\u00a0\u00a0\u00a0\u00a0\u00a0\u00a0\u00a0\u00a0\u00a0\u00a0\u00a0\u00a0\u00a0\u00a0\u00a0\u00a0\u00a0\u00a0\u00a0\u00a0\u00a0\u00a0\u00a0\u00a0\u00a0\u00a0\u00a0\u00a0\u00a0\u00a0\u00a0\u00a0\u00a0\u00a0\u00a0\u00a0\u00a0\u00a0\u00a0\u00a0\u00a0\u00a0 \u00a0Ana Carolina Horikawa<\/span><\/p>\n<h2><img decoding=\"async\" loading=\"lazy\" class=\"aligncenter wp-image-897\" src=\"https:\/\/labcult.eci.ufmg.br\/epistemologiacomunitaria\/wp-content\/uploads\/2019\/08\/LOGO-EC-Final-modelo-2.png\" alt=\"\" width=\"360\" height=\"360\" \/><\/h2>\n<h1><\/h1>\n<h1><span style=\"color: #ff0000;\">2.<\/span><\/h1>\n<h2><span style=\"color: #999999;\">RETRATO<\/span><\/h2>\n<p><iframe loading=\"lazy\" title=\"Gil Am\u00e2ncio. Retrato 2.\" width=\"640\" height=\"360\" src=\"https:\/\/www.youtube.com\/embed\/Rg7ZGkT7Ym8?feature=oembed\" frameborder=\"0\" allow=\"accelerometer; autoplay; clipboard-write; encrypted-media; gyroscope; picture-in-picture; web-share\" referrerpolicy=\"strict-origin-when-cross-origin\" allowfullscreen><\/iframe><\/p>\n<p style=\"text-align: right;\"><span style=\"color: #ffffff;\">Epistemologias Comunit\u00e1rias, 2019<\/span><\/p>\n<p style=\"text-align: right;\"><span style=\"color: #ffffff;\">Gil Am\u00e2ncio<\/span><\/p>\n<p style=\"text-align: right;\"><span style=\"color: #ffffff;\">\u00c1udio\/ Capta\u00e7\u00e3o de imagem (Skype): Janaina Barros Silva Viana<\/span><\/p>\n<p style=\"text-align: right;\"><span style=\"color: #ffffff;\">Registro fotogr\u00e1fico\/Cinegrafista: Wagner Leite Viana<\/span><\/p>\n<p style=\"text-align: right;\"><span style=\"color: #ffffff;\">Edi\u00e7\u00e3o de imagens\/transcri\u00e7\u00e3o\/tradu\u00e7\u00e3o: Rog\u00e9rio Rodrigues<\/span><\/p>\n<p style=\"text-align: right;\"><span style=\"color: #ffffff;\">\u00a0\u00a0\u00a0\u00a0\u00a0\u00a0\u00a0\u00a0\u00a0\u00a0\u00a0\u00a0\u00a0\u00a0\u00a0\u00a0\u00a0\u00a0\u00a0\u00a0\u00a0\u00a0\u00a0\u00a0\u00a0\u00a0\u00a0\u00a0\u00a0\u00a0\u00a0\u00a0\u00a0\u00a0\u00a0\u00a0\u00a0\u00a0\u00a0\u00a0\u00a0\u00a0\u00a0\u00a0\u00a0\u00a0\u00a0\u00a0\u00a0\u00a0\u00a0\u00a0\u00a0\u00a0\u00a0\u00a0\u00a0\u00a0\u00a0\u00a0\u00a0\u00a0\u00a0\u00a0\u00a0\u00a0\u00a0\u00a0\u00a0\u00a0\u00a0\u00a0\u00a0 \u00a0Ana Carolina Horikawa<\/span><\/p>\n<p><span style=\"color: #ffffff;\"><img decoding=\"async\" loading=\"lazy\" class=\"wp-image-937 aligncenter\" src=\"https:\/\/labcult.eci.ufmg.br\/epistemologiacomunitaria\/wp-content\/uploads\/2019\/08\/LOGO-EC-Final-Modelo-1-300x300.png\" alt=\"\" width=\"366\" height=\"366\" srcset=\"https:\/\/eba.ufmg.br\/epistemologiascomunitarias\/wp-content\/uploads\/2019\/08\/LOGO-EC-Final-Modelo-1-300x300.png 300w, https:\/\/eba.ufmg.br\/epistemologiascomunitarias\/wp-content\/uploads\/2019\/08\/LOGO-EC-Final-Modelo-1-150x150.png 150w, https:\/\/eba.ufmg.br\/epistemologiascomunitarias\/wp-content\/uploads\/2019\/08\/LOGO-EC-Final-Modelo-1.png 500w\" sizes=\"(max-width: 366px) 100vw, 366px\" \/><\/span><\/p>\n<h2><\/h2>\n<h2><span style=\"color: #666699;\">OUTROS TERRIT\u00d3RIOS:<\/span><\/h2>\n<p><iframe loading=\"lazy\" title=\"Quilombos em Berlim\" width=\"640\" height=\"480\" src=\"https:\/\/www.youtube.com\/embed\/6nSJwqLbAIg?feature=oembed\" frameborder=\"0\" allow=\"accelerometer; autoplay; clipboard-write; encrypted-media; gyroscope; picture-in-picture; web-share\" referrerpolicy=\"strict-origin-when-cross-origin\" allowfullscreen><\/iframe><\/p>\n<p><span style=\"color: #ffffff;\">Espet\u00e1culo Quilombos Urbanos no festival Move Berlim, 2002<\/span><\/p>\n<p><span style=\"color: #ffffff;\">M\u00fasica: Gil Am\u00e2ncio, Guda e Ricardo Aleixo<\/span><\/p>\n<p><span style=\"color: #ffffff;\">Elenco: Cia. Ser\u00e1Qu\u00ea? e Up Dance<\/span><\/p>\n<p><span style=\"color: #ffffff;\">Ilumina\u00e7\u00e3o: Telma Fernandes<\/span><\/p>\n<p><span style=\"color: #ffffff;\">Sonoriza\u00e7\u00e3o: Murillo Corr\u00eaa<\/span><\/p>\n<p><img decoding=\"async\" loading=\"lazy\" class=\"size-medium wp-image-1112 aligncenter\" src=\"https:\/\/eba.ufmg.br\/epistemologiascomunitarias\/wp-content\/uploads\/2019\/08\/cropped-LOGO-EC-Final-modelo-2-1-300x300.png\" alt=\"\" width=\"300\" height=\"300\" srcset=\"https:\/\/eba.ufmg.br\/epistemologiascomunitarias\/wp-content\/uploads\/2019\/08\/cropped-LOGO-EC-Final-modelo-2-1-300x300.png 300w, https:\/\/eba.ufmg.br\/epistemologiascomunitarias\/wp-content\/uploads\/2019\/08\/cropped-LOGO-EC-Final-modelo-2-1-150x150.png 150w, https:\/\/eba.ufmg.br\/epistemologiascomunitarias\/wp-content\/uploads\/2019\/08\/cropped-LOGO-EC-Final-modelo-2-1-270x270.png 270w, https:\/\/eba.ufmg.br\/epistemologiascomunitarias\/wp-content\/uploads\/2019\/08\/cropped-LOGO-EC-Final-modelo-2-1-192x192.png 192w, https:\/\/eba.ufmg.br\/epistemologiascomunitarias\/wp-content\/uploads\/2019\/08\/cropped-LOGO-EC-Final-modelo-2-1-180x180.png 180w, https:\/\/eba.ufmg.br\/epistemologiascomunitarias\/wp-content\/uploads\/2019\/08\/cropped-LOGO-EC-Final-modelo-2-1-32x32.png 32w, https:\/\/eba.ufmg.br\/epistemologiascomunitarias\/wp-content\/uploads\/2019\/08\/cropped-LOGO-EC-Final-modelo-2-1.png 512w\" sizes=\"(max-width: 300px) 100vw, 300px\" \/><\/p>\n<p><iframe loading=\"lazy\" title=\"Samba\" width=\"640\" height=\"480\" src=\"https:\/\/www.youtube.com\/embed\/dLv3YIlGNOI?feature=oembed\" frameborder=\"0\" allow=\"accelerometer; autoplay; clipboard-write; encrypted-media; gyroscope; picture-in-picture; web-share\" referrerpolicy=\"strict-origin-when-cross-origin\" allowfullscreen><\/iframe><\/p>\n<p><span style=\"color: #ffffff;\">Espet\u00e1culo De Patangome na Cidade apresentado em Lyon, Fran\u00e7a<\/span><\/p>\n<p><span style=\"color: #ffffff;\">Dire\u00e7\u00e3o: Gil Am\u00e2ncio, Guda e Rui Moreira.<\/span><\/p>\n<p><span style=\"color: #ffffff;\">Percuss\u00e3o: Gil Am\u00e2ncio e Guda<\/span><\/p>\n<p><span style=\"color: #ffffff;\">Trombone: Juarez da Concei\u00e7\u00e3o<\/span><\/p>\n<p><span style=\"color: #ffffff;\">Coreografia: Rui Moreira<\/span><\/p>\n<p><img decoding=\"async\" loading=\"lazy\" class=\"size-medium wp-image-1112 aligncenter\" src=\"https:\/\/eba.ufmg.br\/epistemologiascomunitarias\/wp-content\/uploads\/2019\/08\/cropped-LOGO-EC-Final-modelo-2-1-300x300.png\" alt=\"\" width=\"300\" height=\"300\" srcset=\"https:\/\/eba.ufmg.br\/epistemologiascomunitarias\/wp-content\/uploads\/2019\/08\/cropped-LOGO-EC-Final-modelo-2-1-300x300.png 300w, https:\/\/eba.ufmg.br\/epistemologiascomunitarias\/wp-content\/uploads\/2019\/08\/cropped-LOGO-EC-Final-modelo-2-1-150x150.png 150w, https:\/\/eba.ufmg.br\/epistemologiascomunitarias\/wp-content\/uploads\/2019\/08\/cropped-LOGO-EC-Final-modelo-2-1-270x270.png 270w, https:\/\/eba.ufmg.br\/epistemologiascomunitarias\/wp-content\/uploads\/2019\/08\/cropped-LOGO-EC-Final-modelo-2-1-192x192.png 192w, https:\/\/eba.ufmg.br\/epistemologiascomunitarias\/wp-content\/uploads\/2019\/08\/cropped-LOGO-EC-Final-modelo-2-1-180x180.png 180w, https:\/\/eba.ufmg.br\/epistemologiascomunitarias\/wp-content\/uploads\/2019\/08\/cropped-LOGO-EC-Final-modelo-2-1-32x32.png 32w, https:\/\/eba.ufmg.br\/epistemologiascomunitarias\/wp-content\/uploads\/2019\/08\/cropped-LOGO-EC-Final-modelo-2-1.png 512w\" sizes=\"(max-width: 300px) 100vw, 300px\" \/><\/p>\n<p><iframe loading=\"lazy\" title=\"Ciberterreiro\" width=\"640\" height=\"360\" src=\"https:\/\/www.youtube.com\/embed\/ZqiX0DHqe_c?feature=oembed\" frameborder=\"0\" allow=\"accelerometer; autoplay; clipboard-write; encrypted-media; gyroscope; picture-in-picture; web-share\" referrerpolicy=\"strict-origin-when-cross-origin\" allowfullscreen><\/iframe><\/p>\n<p><span style=\"color: #ffffff;\">Ciberterreiro, 2016<\/span><\/p>\n<p><span style=\"color: #ffffff;\">Gil Am\u00e2ncio<br \/>\n<\/span><\/p>\n<p><span style=\"color: #ffffff;\">Gabi Guerra<\/span><\/p>\n<p><span style=\"color: #ffffff;\">Coletivo Black Horizonte<\/span><\/p>\n<p><span style=\"color: #ffffff;\">48\u00b0 Festival de inverno\u00a0 da UFMG<\/span><\/p>\n<p><span style=\"color: #ffffff;\">Territ\u00f3rios culturais de tr\u00e2nsito<\/span><\/p>\n<p><span style=\"color: #ffffff;\">TV UFMG<\/span><\/p>\n<p><span style=\"color: #ffffff;\">Centro de documenta\u00e7\u00e3o \u2013 UFMG (Cedecom- UFMG)<\/span><\/p>\n<p><img decoding=\"async\" loading=\"lazy\" class=\"size-medium wp-image-1112 aligncenter\" src=\"https:\/\/eba.ufmg.br\/epistemologiascomunitarias\/wp-content\/uploads\/2019\/08\/cropped-LOGO-EC-Final-modelo-2-1-300x300.png\" alt=\"\" width=\"300\" height=\"300\" srcset=\"https:\/\/eba.ufmg.br\/epistemologiascomunitarias\/wp-content\/uploads\/2019\/08\/cropped-LOGO-EC-Final-modelo-2-1-300x300.png 300w, https:\/\/eba.ufmg.br\/epistemologiascomunitarias\/wp-content\/uploads\/2019\/08\/cropped-LOGO-EC-Final-modelo-2-1-150x150.png 150w, https:\/\/eba.ufmg.br\/epistemologiascomunitarias\/wp-content\/uploads\/2019\/08\/cropped-LOGO-EC-Final-modelo-2-1-270x270.png 270w, https:\/\/eba.ufmg.br\/epistemologiascomunitarias\/wp-content\/uploads\/2019\/08\/cropped-LOGO-EC-Final-modelo-2-1-192x192.png 192w, https:\/\/eba.ufmg.br\/epistemologiascomunitarias\/wp-content\/uploads\/2019\/08\/cropped-LOGO-EC-Final-modelo-2-1-180x180.png 180w, https:\/\/eba.ufmg.br\/epistemologiascomunitarias\/wp-content\/uploads\/2019\/08\/cropped-LOGO-EC-Final-modelo-2-1-32x32.png 32w, https:\/\/eba.ufmg.br\/epistemologiascomunitarias\/wp-content\/uploads\/2019\/08\/cropped-LOGO-EC-Final-modelo-2-1.png 512w\" sizes=\"(max-width: 300px) 100vw, 300px\" \/><\/p>\n<p><iframe loading=\"lazy\" title=\"Ponto Riscado 1,2 na Dan\u00e7a\" width=\"640\" height=\"480\" src=\"https:\/\/www.youtube.com\/embed\/LPNwRPoB4nY?feature=oembed\" frameborder=\"0\" allow=\"accelerometer; autoplay; clipboard-write; encrypted-media; gyroscope; picture-in-picture; web-share\" referrerpolicy=\"strict-origin-when-cross-origin\" allowfullscreen><\/iframe><\/p>\n<p><span style=\"color: #ffffff;\">Ponto Riscado 1,2 na Dan\u00e7a, 2010<\/span><\/p>\n<p><span style=\"color: #ffffff;\">Coletivo Black Horizonte<\/span><\/p>\n<p><span style=\"color: #ffffff;\">M\u00fasico: Gil Am\u00e2ncio<\/span><\/p>\n<p><span style=\"color: #ffffff;\">Artista visual: Gabi Guerra<\/span><\/p>\n<p><span style=\"color: #ffffff;\">VJ: Tatu Guerra<\/span><\/p>\n<p><span style=\"color: #ffffff;\">Coreografo\/dan\u00e7arino: \u00a0Dewson Mascote<\/span><\/p>\n<p><img decoding=\"async\" loading=\"lazy\" class=\"size-medium wp-image-1112 aligncenter\" src=\"https:\/\/eba.ufmg.br\/epistemologiascomunitarias\/wp-content\/uploads\/2019\/08\/cropped-LOGO-EC-Final-modelo-2-1-300x300.png\" alt=\"\" width=\"300\" height=\"300\" srcset=\"https:\/\/eba.ufmg.br\/epistemologiascomunitarias\/wp-content\/uploads\/2019\/08\/cropped-LOGO-EC-Final-modelo-2-1-300x300.png 300w, https:\/\/eba.ufmg.br\/epistemologiascomunitarias\/wp-content\/uploads\/2019\/08\/cropped-LOGO-EC-Final-modelo-2-1-150x150.png 150w, https:\/\/eba.ufmg.br\/epistemologiascomunitarias\/wp-content\/uploads\/2019\/08\/cropped-LOGO-EC-Final-modelo-2-1-270x270.png 270w, https:\/\/eba.ufmg.br\/epistemologiascomunitarias\/wp-content\/uploads\/2019\/08\/cropped-LOGO-EC-Final-modelo-2-1-192x192.png 192w, https:\/\/eba.ufmg.br\/epistemologiascomunitarias\/wp-content\/uploads\/2019\/08\/cropped-LOGO-EC-Final-modelo-2-1-180x180.png 180w, https:\/\/eba.ufmg.br\/epistemologiascomunitarias\/wp-content\/uploads\/2019\/08\/cropped-LOGO-EC-Final-modelo-2-1-32x32.png 32w, https:\/\/eba.ufmg.br\/epistemologiascomunitarias\/wp-content\/uploads\/2019\/08\/cropped-LOGO-EC-Final-modelo-2-1.png 512w\" sizes=\"(max-width: 300px) 100vw, 300px\" \/><\/p>\n<h2><span style=\"color: #666699;\"><strong>P\u00c1GINAS SOBRE O ARTISTA:<\/strong><\/span><\/h2>\n<p><span style=\"color: #ffffff;\">Instagram: @gilamancio54<\/span><\/p>\n<p><span style=\"color: #ffffff;\"><a style=\"color: #ffffff;\" href=\"http:\/\/gilamancio.blogspot.com\/?m=1\">http:\/\/gilamancio.blogspot.com\/?m=1<\/a><\/span><\/p>\n<p><span style=\"color: #ffffff;\"><a style=\"color: #ffffff;\" href=\"https:\/\/coletivoblack.wixsite.com\/blackhorizonte\">https:\/\/coletivoblack.wixsite.com\/blackhorizonte<\/a><\/span><\/p>\n<p><span style=\"color: #ffffff;\"><a style=\"color: #ffffff;\" href=\"https:\/\/bdmgcultural.mg.gov.br\/lab\/2021\/tutores\/gil-amancio\/\">https:\/\/bdmgcultural.mg.gov.br\/lab\/2021\/tutores\/gil-amancio\/<\/a><\/span><\/p>\n<p><span style=\"color: #ffffff;\"><a style=\"color: #ffffff;\" href=\"https:\/\/enciclopedia.itaucultural.org.br\/pessoas\/22965-gil-amancio\">https:\/\/enciclopedia.itaucultural.org.br\/pessoas\/22965-gil-amancio<\/a><\/span><\/p>\n<p><img decoding=\"async\" loading=\"lazy\" class=\"wp-image-896 aligncenter\" src=\"https:\/\/eba.ufmg.br\/epistemologiascomunitarias\/wp-content\/uploads\/2019\/08\/LOGO-EC-Final-com-escrita-Modelo-300x300.png\" alt=\"\" width=\"400\" height=\"400\" srcset=\"https:\/\/eba.ufmg.br\/epistemologiascomunitarias\/wp-content\/uploads\/2019\/08\/LOGO-EC-Final-com-escrita-Modelo-300x300.png 300w, https:\/\/eba.ufmg.br\/epistemologiascomunitarias\/wp-content\/uploads\/2019\/08\/LOGO-EC-Final-com-escrita-Modelo-150x150.png 150w, https:\/\/eba.ufmg.br\/epistemologiascomunitarias\/wp-content\/uploads\/2019\/08\/LOGO-EC-Final-com-escrita-Modelo.png 500w\" sizes=\"(max-width: 400px) 100vw, 400px\" \/><\/p>\n","protected":false},"excerpt":{"rendered":"<p>Meu nome \u00e9 Gil Am\u00e2ncio.\u00a0 Eu sou m\u00fasico, mas a minha trajet\u00f3ria como artista&#8230; Eu entro na cena art\u00edstica de Belo Horizonte como ator. Ent\u00e3o, passo pelo teatro. Depois, eu entro um pouco pela dan\u00e7a e a m\u00fasica. Eu sou de Belo Horizonte. Nasci em 1954 em Santa Teresa. \u00a0\u00a0O interessante porque eu estudei numa [&hellip;]<\/p>\n","protected":false},"author":2,"featured_media":682,"parent":0,"menu_order":0,"comment_status":"closed","ping_status":"closed","template":"","meta":{"footnotes":""},"_links":{"self":[{"href":"https:\/\/eba.ufmg.br\/epistemologiascomunitarias\/index.php\/wp-json\/wp\/v2\/pages\/510"}],"collection":[{"href":"https:\/\/eba.ufmg.br\/epistemologiascomunitarias\/index.php\/wp-json\/wp\/v2\/pages"}],"about":[{"href":"https:\/\/eba.ufmg.br\/epistemologiascomunitarias\/index.php\/wp-json\/wp\/v2\/types\/page"}],"author":[{"embeddable":true,"href":"https:\/\/eba.ufmg.br\/epistemologiascomunitarias\/index.php\/wp-json\/wp\/v2\/users\/2"}],"replies":[{"embeddable":true,"href":"https:\/\/eba.ufmg.br\/epistemologiascomunitarias\/index.php\/wp-json\/wp\/v2\/comments?post=510"}],"version-history":[{"count":98,"href":"https:\/\/eba.ufmg.br\/epistemologiascomunitarias\/index.php\/wp-json\/wp\/v2\/pages\/510\/revisions"}],"predecessor-version":[{"id":3287,"href":"https:\/\/eba.ufmg.br\/epistemologiascomunitarias\/index.php\/wp-json\/wp\/v2\/pages\/510\/revisions\/3287"}],"wp:featuredmedia":[{"embeddable":true,"href":"https:\/\/eba.ufmg.br\/epistemologiascomunitarias\/index.php\/wp-json\/wp\/v2\/media\/682"}],"wp:attachment":[{"href":"https:\/\/eba.ufmg.br\/epistemologiascomunitarias\/index.php\/wp-json\/wp\/v2\/media?parent=510"}],"curies":[{"name":"wp","href":"https:\/\/api.w.org\/{rel}","templated":true}]}}