{"id":515,"date":"2019-06-10T09:25:50","date_gmt":"2019-06-10T12:25:50","guid":{"rendered":"https:\/\/labcult.eci.ufmg.br\/epistemologiacomunitaria\/?page_id=515"},"modified":"2025-09-29T16:20:32","modified_gmt":"2025-09-29T19:20:32","slug":"jorge-dos-anjos","status":"publish","type":"page","link":"https:\/\/eba.ufmg.br\/epistemologiascomunitarias\/index.php\/jorge-dos-anjos\/","title":{"rendered":"Jorge dos Anjos"},"content":{"rendered":"<p><img decoding=\"async\" loading=\"lazy\" class=\"aligncenter wp-image-777\" src=\"https:\/\/labcult.eci.ufmg.br\/epistemologiacomunitaria\/wp-content\/uploads\/2019\/06\/IMG_9432-300x169.jpg\" alt=\"\" width=\"1110\" height=\"623\" srcset=\"https:\/\/eba.ufmg.br\/epistemologiascomunitarias\/wp-content\/uploads\/2019\/06\/IMG_9432-300x169.jpg 300w, https:\/\/eba.ufmg.br\/epistemologiascomunitarias\/wp-content\/uploads\/2019\/06\/IMG_9432-768x431.jpg 768w, https:\/\/eba.ufmg.br\/epistemologiascomunitarias\/wp-content\/uploads\/2019\/06\/IMG_9432-1024x575.jpg 1024w, https:\/\/eba.ufmg.br\/epistemologiascomunitarias\/wp-content\/uploads\/2019\/06\/IMG_9432.jpg 2048w\" sizes=\"(max-width: 1110px) 100vw, 1110px\" \/><\/p>\n<blockquote><p><span style=\"color: #999999;\">Meu nome \u00e9 Jorge Luiz dos Anjos. Eu nasci em Ouro Preto, Minas Gerais, em 30 de abril de 1957&#8230; \u00c9 dif\u00edcil falar da forma\u00e7\u00e3o de uma maneira simplificada, porque eu comecei com seis anos de idade. Eu j\u00e1 gostava muito de desenhar.\u00a0 E, meu pai me incentivava dando material, comprando material para desenho: l\u00e1pis de cor, papel&#8230; Essas coisas para um menino de seis anos. \u00a0Aos sete anos, eu entrei no primeiro ano prim\u00e1rio&#8230; Ent\u00e3o, eu j\u00e1 fui para a escola, no primeiro ano, j\u00e1 com esse gosto assim. Eu queria muito! Eu queria muito! E, eu me lembro muito bem como se fosse ontem&#8230; Eu nessa \u00e9poca j\u00e1 sabia que queria ser pintor. \u00a0Assim, era claro para mim que eu queria ser pintor! Desde aquela \u00e9poca&#8230; \u00a0Eu nem sei o porqu\u00ea que eu j\u00e1 sabia isso&#8230; O meu irm\u00e3o estava se formando na quarta s\u00e9rie e a diretora perguntou na cerim\u00f4nia de formatura com todos os alunos l\u00e1&#8230; A diretora pediu para que cada um pensasse naquele momento o que queria ser quando crescesse. Eles estavam se formando! S\u00f3 que eu estava l\u00e1 com sete anos a resposta eu j\u00e1 tinha. Ent\u00e3o, desde essa \u00e9poca, eu venho com oito anos, nove anos&#8230; Eu fiz uma aula de pintura&#8230; Meu pai me levou para uma aula particular.\u00a0 N\u00e3o era um grande pintor. Mas, foi uma experi\u00eancia assim fora de casa.\u00a0 N\u00e3o era escola. Mas, foi j\u00e1 uma experi\u00eancia de aprendizado&#8230;\u00a0 \u00a0 \u00a0 \u00a0 \u00a0 \u00a0<\/span><\/p><\/blockquote>\n<p><!--more--><\/p>\n<p><span style=\"color: #999999;\">\u00a0\u00a0\u00a0\u00a0<\/span><\/p>\n<h3><img decoding=\"async\" loading=\"lazy\" class=\"size-medium wp-image-1112 aligncenter\" src=\"https:\/\/eba.ufmg.br\/epistemologiascomunitarias\/wp-content\/uploads\/2019\/08\/cropped-LOGO-EC-Final-modelo-2-1-300x300.png\" alt=\"\" width=\"300\" height=\"300\" srcset=\"https:\/\/eba.ufmg.br\/epistemologiascomunitarias\/wp-content\/uploads\/2019\/08\/cropped-LOGO-EC-Final-modelo-2-1-300x300.png 300w, https:\/\/eba.ufmg.br\/epistemologiascomunitarias\/wp-content\/uploads\/2019\/08\/cropped-LOGO-EC-Final-modelo-2-1-150x150.png 150w, https:\/\/eba.ufmg.br\/epistemologiascomunitarias\/wp-content\/uploads\/2019\/08\/cropped-LOGO-EC-Final-modelo-2-1-270x270.png 270w, https:\/\/eba.ufmg.br\/epistemologiascomunitarias\/wp-content\/uploads\/2019\/08\/cropped-LOGO-EC-Final-modelo-2-1-192x192.png 192w, https:\/\/eba.ufmg.br\/epistemologiascomunitarias\/wp-content\/uploads\/2019\/08\/cropped-LOGO-EC-Final-modelo-2-1-180x180.png 180w, https:\/\/eba.ufmg.br\/epistemologiascomunitarias\/wp-content\/uploads\/2019\/08\/cropped-LOGO-EC-Final-modelo-2-1-32x32.png 32w, https:\/\/eba.ufmg.br\/epistemologiascomunitarias\/wp-content\/uploads\/2019\/08\/cropped-LOGO-EC-Final-modelo-2-1.png 512w\" sizes=\"(max-width: 300px) 100vw, 300px\" \/><\/h3>\n<h2><\/h2>\n<h2><span style=\"color: #ff0000;\">TERRIT\u00d3RIOS PERFORMATIVOS:<\/span><\/h2>\n<h2><span style=\"color: #666699;\">O LUGAR DA PO\u00c9TICA:<\/span><\/h2>\n<p><a href=\" https:\/\/labcult.eci.ufmg.br\/epistemologiacomunitaria\/index.php\/ape_gallery\/jorge-dos-anjos\/\"><img decoding=\"async\" loading=\"lazy\" class=\"alignnone wp-image-739 size-large\" src=\"https:\/\/labcult.eci.ufmg.br\/epistemologiacomunitaria\/wp-content\/uploads\/2019\/06\/IMG_9378-min-1-1024x683.jpg\" alt=\"\" width=\"640\" height=\"427\" srcset=\"https:\/\/eba.ufmg.br\/epistemologiascomunitarias\/wp-content\/uploads\/2019\/06\/IMG_9378-min-1-1024x683.jpg 1024w, https:\/\/eba.ufmg.br\/epistemologiascomunitarias\/wp-content\/uploads\/2019\/06\/IMG_9378-min-1-300x200.jpg 300w, https:\/\/eba.ufmg.br\/epistemologiascomunitarias\/wp-content\/uploads\/2019\/06\/IMG_9378-min-1-768x512.jpg 768w, https:\/\/eba.ufmg.br\/epistemologiascomunitarias\/wp-content\/uploads\/2019\/06\/IMG_9378-min-1.jpg 2048w\" sizes=\"(max-width: 640px) 100vw, 640px\" \/><\/a><\/p>\n<p><img decoding=\"async\" loading=\"lazy\" class=\" wp-image-1112 aligncenter\" src=\"https:\/\/eba.ufmg.br\/epistemologiascomunitarias\/wp-content\/uploads\/2019\/08\/cropped-LOGO-EC-Final-modelo-2-1-300x300.png\" alt=\"\" width=\"358\" height=\"358\" srcset=\"https:\/\/eba.ufmg.br\/epistemologiascomunitarias\/wp-content\/uploads\/2019\/08\/cropped-LOGO-EC-Final-modelo-2-1-300x300.png 300w, https:\/\/eba.ufmg.br\/epistemologiascomunitarias\/wp-content\/uploads\/2019\/08\/cropped-LOGO-EC-Final-modelo-2-1-150x150.png 150w, https:\/\/eba.ufmg.br\/epistemologiascomunitarias\/wp-content\/uploads\/2019\/08\/cropped-LOGO-EC-Final-modelo-2-1-270x270.png 270w, https:\/\/eba.ufmg.br\/epistemologiascomunitarias\/wp-content\/uploads\/2019\/08\/cropped-LOGO-EC-Final-modelo-2-1-192x192.png 192w, https:\/\/eba.ufmg.br\/epistemologiascomunitarias\/wp-content\/uploads\/2019\/08\/cropped-LOGO-EC-Final-modelo-2-1-180x180.png 180w, https:\/\/eba.ufmg.br\/epistemologiascomunitarias\/wp-content\/uploads\/2019\/08\/cropped-LOGO-EC-Final-modelo-2-1-32x32.png 32w, https:\/\/eba.ufmg.br\/epistemologiascomunitarias\/wp-content\/uploads\/2019\/08\/cropped-LOGO-EC-Final-modelo-2-1.png 512w\" sizes=\"(max-width: 358px) 100vw, 358px\" \/><\/p>\n<h2><span style=\"color: #666699;\">O LUGAR\u00a0 DA\u00a0 AUTORIA:<\/span><\/h2>\n<h1><span style=\"color: #ff0000;\">1.<\/span><\/h1>\n<h2><span style=\"color: #999999;\">RETRATO<\/span><\/h2>\n<p><iframe loading=\"lazy\" title=\"Jorge dos Anjos. Retrato 1.\" width=\"640\" height=\"360\" src=\"https:\/\/www.youtube.com\/embed\/_hrKwJHPn_E?feature=oembed\" frameborder=\"0\" allow=\"accelerometer; autoplay; clipboard-write; encrypted-media; gyroscope; picture-in-picture; web-share\" referrerpolicy=\"strict-origin-when-cross-origin\" allowfullscreen><\/iframe><\/p>\n<p style=\"text-align: right;\"><span style=\"color: #ffffff;\">Epistemologias Comunit\u00e1rias , 2019<\/span><\/p>\n<p style=\"text-align: right;\"><span style=\"color: #ffffff;\">Jorge dos Anjos<\/span><\/p>\n<p style=\"text-align: right;\"><span style=\"color: #ffffff;\">\u00c1udio\/ Capta\u00e7\u00e3o de imagem (Skype): Janaina Barros Silva Viana<\/span><\/p>\n<p style=\"text-align: right;\"><span style=\"color: #ffffff;\">Registro fotogr\u00e1fico\/Cinegrafista: Wagner Leite Viana<\/span><\/p>\n<p style=\"text-align: right;\"><span style=\"color: #ffffff;\">Edi\u00e7\u00e3o de imagens\/transcri\u00e7\u00e3o\/tradu\u00e7\u00e3o: Rog\u00e9rio Rodrigues<\/span><\/p>\n<p style=\"text-align: right;\"><span style=\"color: #ffffff;\">\u00a0\u00a0\u00a0\u00a0\u00a0\u00a0\u00a0\u00a0\u00a0\u00a0\u00a0\u00a0\u00a0\u00a0\u00a0\u00a0\u00a0\u00a0\u00a0\u00a0\u00a0\u00a0\u00a0\u00a0\u00a0\u00a0\u00a0\u00a0\u00a0\u00a0\u00a0\u00a0\u00a0\u00a0\u00a0\u00a0\u00a0\u00a0\u00a0\u00a0\u00a0\u00a0\u00a0\u00a0\u00a0\u00a0\u00a0\u00a0\u00a0\u00a0\u00a0\u00a0\u00a0\u00a0\u00a0\u00a0\u00a0\u00a0\u00a0\u00a0\u00a0\u00a0\u00a0\u00a0\u00a0\u00a0\u00a0\u00a0\u00a0\u00a0\u00a0\u00a0\u00a0 \u00a0Ana Carolina Horikawa<\/span><\/p>\n<h2><img decoding=\"async\" loading=\"lazy\" class=\"aligncenter wp-image-897\" src=\"https:\/\/labcult.eci.ufmg.br\/epistemologiacomunitaria\/wp-content\/uploads\/2019\/08\/LOGO-EC-Final-modelo-2.png\" alt=\"\" width=\"360\" height=\"360\" \/><\/h2>\n<h1><span style=\"color: #ff0000;\">2.<\/span><\/h1>\n<h2><span style=\"color: #999999;\">RETRATO<\/span><\/h2>\n<p><iframe loading=\"lazy\" title=\"Jorge dos Anjos. Retrato 2.\" width=\"640\" height=\"360\" src=\"https:\/\/www.youtube.com\/embed\/jpeGzwO-3Uw?feature=oembed\" frameborder=\"0\" allow=\"accelerometer; autoplay; clipboard-write; encrypted-media; gyroscope; picture-in-picture; web-share\" referrerpolicy=\"strict-origin-when-cross-origin\" allowfullscreen><\/iframe><\/p>\n<p style=\"text-align: right;\"><span style=\"color: #ffffff;\">Epistemologias Comunit\u00e1rias , 2019<\/span><\/p>\n<p style=\"text-align: right;\"><span style=\"color: #ffffff;\">Jorge dos Anjos<\/span><\/p>\n<p style=\"text-align: right;\"><span style=\"color: #ffffff;\">\u00c1udio\/ Capta\u00e7\u00e3o de imagem (Skype): Janaina Barros Silva Viana<\/span><\/p>\n<p style=\"text-align: right;\"><span style=\"color: #ffffff;\">Registro fotogr\u00e1fico\/Cinegrafista: Wagner Leite Viana<\/span><\/p>\n<p style=\"text-align: right;\"><span style=\"color: #ffffff;\">Edi\u00e7\u00e3o de imagens\/transcri\u00e7\u00e3o\/tradu\u00e7\u00e3o: Rog\u00e9rio Rodrigues<\/span><\/p>\n<p style=\"text-align: right;\"><span style=\"color: #ffffff;\">\u00a0\u00a0\u00a0\u00a0\u00a0\u00a0\u00a0\u00a0\u00a0\u00a0\u00a0\u00a0\u00a0\u00a0\u00a0\u00a0\u00a0\u00a0\u00a0\u00a0\u00a0\u00a0\u00a0\u00a0\u00a0\u00a0\u00a0\u00a0\u00a0\u00a0\u00a0\u00a0\u00a0\u00a0\u00a0\u00a0\u00a0\u00a0\u00a0\u00a0\u00a0\u00a0\u00a0\u00a0\u00a0\u00a0\u00a0\u00a0\u00a0\u00a0\u00a0\u00a0\u00a0\u00a0\u00a0\u00a0\u00a0\u00a0\u00a0\u00a0\u00a0\u00a0\u00a0\u00a0\u00a0\u00a0\u00a0\u00a0\u00a0\u00a0\u00a0\u00a0\u00a0 \u00a0Ana Carolina Horikawa<\/span><\/p>\n<p><img decoding=\"async\" loading=\"lazy\" class=\" wp-image-937 aligncenter\" src=\"https:\/\/labcult.eci.ufmg.br\/epistemologiacomunitaria\/wp-content\/uploads\/2019\/08\/LOGO-EC-Final-Modelo-1-300x300.png\" alt=\"\" width=\"360\" height=\"360\" srcset=\"https:\/\/eba.ufmg.br\/epistemologiascomunitarias\/wp-content\/uploads\/2019\/08\/LOGO-EC-Final-Modelo-1-300x300.png 300w, https:\/\/eba.ufmg.br\/epistemologiascomunitarias\/wp-content\/uploads\/2019\/08\/LOGO-EC-Final-Modelo-1-150x150.png 150w, https:\/\/eba.ufmg.br\/epistemologiascomunitarias\/wp-content\/uploads\/2019\/08\/LOGO-EC-Final-Modelo-1.png 500w\" sizes=\"(max-width: 360px) 100vw, 360px\" \/><\/p>\n<h2><span style=\"color: #666699;\">OUTROS TERRIT\u00d3RIOS:<\/span><\/h2>\n<p><iframe loading=\"lazy\" title=\"Tributo Afro-Descendente - Jorge dos Anjos\" width=\"640\" height=\"480\" src=\"https:\/\/www.youtube.com\/embed\/RkRA2LPCQDI?feature=oembed\" frameborder=\"0\" allow=\"accelerometer; autoplay; clipboard-write; encrypted-media; gyroscope; picture-in-picture; web-share\" referrerpolicy=\"strict-origin-when-cross-origin\" allowfullscreen><\/iframe><\/p>\n<p><span style=\"color: #ffffff;\">Tributo Afrodescendente, s.d.<\/span><\/p>\n<p><span style=\"color: #ffffff;\">Jorge dos Anjos<\/span><\/p>\n<p><span style=\"color: #ffffff;\">Dire\u00e7\u00e3o: Andr\u00e9 Castanheira Maia<\/span><\/p>\n<p><span style=\"color: #ffffff;\">Laborat\u00f3rio de Produ\u00e7\u00e3o de V\u00eddeos<\/span><\/p>\n<p><span style=\"color: #ffffff;\">CEFET- Curso de Turismo Ouro Preto<\/span><\/p>\n<p><img decoding=\"async\" loading=\"lazy\" class=\"size-medium wp-image-1112 aligncenter\" src=\"https:\/\/eba.ufmg.br\/epistemologiascomunitarias\/wp-content\/uploads\/2019\/08\/cropped-LOGO-EC-Final-modelo-2-1-300x300.png\" alt=\"\" width=\"300\" height=\"300\" srcset=\"https:\/\/eba.ufmg.br\/epistemologiascomunitarias\/wp-content\/uploads\/2019\/08\/cropped-LOGO-EC-Final-modelo-2-1-300x300.png 300w, https:\/\/eba.ufmg.br\/epistemologiascomunitarias\/wp-content\/uploads\/2019\/08\/cropped-LOGO-EC-Final-modelo-2-1-150x150.png 150w, https:\/\/eba.ufmg.br\/epistemologiascomunitarias\/wp-content\/uploads\/2019\/08\/cropped-LOGO-EC-Final-modelo-2-1-270x270.png 270w, https:\/\/eba.ufmg.br\/epistemologiascomunitarias\/wp-content\/uploads\/2019\/08\/cropped-LOGO-EC-Final-modelo-2-1-192x192.png 192w, https:\/\/eba.ufmg.br\/epistemologiascomunitarias\/wp-content\/uploads\/2019\/08\/cropped-LOGO-EC-Final-modelo-2-1-180x180.png 180w, https:\/\/eba.ufmg.br\/epistemologiascomunitarias\/wp-content\/uploads\/2019\/08\/cropped-LOGO-EC-Final-modelo-2-1-32x32.png 32w, https:\/\/eba.ufmg.br\/epistemologiascomunitarias\/wp-content\/uploads\/2019\/08\/cropped-LOGO-EC-Final-modelo-2-1.png 512w\" sizes=\"(max-width: 300px) 100vw, 300px\" \/><\/p>\n<p><iframe loading=\"lazy\" title=\"Jorge dos Anjos - Baticum\" width=\"640\" height=\"480\" src=\"https:\/\/www.youtube.com\/embed\/pcoi8v_SsjY?feature=oembed\" frameborder=\"0\" allow=\"accelerometer; autoplay; clipboard-write; encrypted-media; gyroscope; picture-in-picture; web-share\" referrerpolicy=\"strict-origin-when-cross-origin\" allowfullscreen><\/iframe><\/p>\n<p><span style=\"color: #ffffff;\">Jorge dos Anjos, s.d.<\/span><\/p>\n<p><span style=\"color: #ffffff;\">Dire\u00e7\u00e3o\/ Edi\u00e7\u00e3o\/ Imagem: N\u00e9lio Costa<\/span><\/p>\n<p><span style=\"color: #ffffff;\">Coordena\u00e7\u00e3o: Fernando Pedro\/ Mar\u00edlia Andr\u00e9s<\/span><\/p>\n<p><span style=\"color: #ffffff;\">Curadoria de v\u00eddeo: Mariana Tavares<\/span><\/p>\n<p><span style=\"color: #ffffff;\">Realiza\u00e7\u00e3o: C\/Artes Projetos Culturais<\/span><\/p>\n<p><img decoding=\"async\" loading=\"lazy\" class=\"size-medium wp-image-1112 aligncenter\" src=\"https:\/\/eba.ufmg.br\/epistemologiascomunitarias\/wp-content\/uploads\/2019\/08\/cropped-LOGO-EC-Final-modelo-2-1-300x300.png\" alt=\"\" width=\"300\" height=\"300\" srcset=\"https:\/\/eba.ufmg.br\/epistemologiascomunitarias\/wp-content\/uploads\/2019\/08\/cropped-LOGO-EC-Final-modelo-2-1-300x300.png 300w, https:\/\/eba.ufmg.br\/epistemologiascomunitarias\/wp-content\/uploads\/2019\/08\/cropped-LOGO-EC-Final-modelo-2-1-150x150.png 150w, https:\/\/eba.ufmg.br\/epistemologiascomunitarias\/wp-content\/uploads\/2019\/08\/cropped-LOGO-EC-Final-modelo-2-1-270x270.png 270w, https:\/\/eba.ufmg.br\/epistemologiascomunitarias\/wp-content\/uploads\/2019\/08\/cropped-LOGO-EC-Final-modelo-2-1-192x192.png 192w, https:\/\/eba.ufmg.br\/epistemologiascomunitarias\/wp-content\/uploads\/2019\/08\/cropped-LOGO-EC-Final-modelo-2-1-180x180.png 180w, https:\/\/eba.ufmg.br\/epistemologiascomunitarias\/wp-content\/uploads\/2019\/08\/cropped-LOGO-EC-Final-modelo-2-1-32x32.png 32w, https:\/\/eba.ufmg.br\/epistemologiascomunitarias\/wp-content\/uploads\/2019\/08\/cropped-LOGO-EC-Final-modelo-2-1.png 512w\" sizes=\"(max-width: 300px) 100vw, 300px\" \/><\/p>\n<p><iframe loading=\"lazy\" title=\"Jorge dos Anjos - esculturas e o espa\u00e7o p\u00fablico\" width=\"640\" height=\"360\" src=\"https:\/\/www.youtube.com\/embed\/fgyjYwcq38s?feature=oembed\" frameborder=\"0\" allow=\"accelerometer; autoplay; clipboard-write; encrypted-media; gyroscope; picture-in-picture; web-share\" referrerpolicy=\"strict-origin-when-cross-origin\" allowfullscreen><\/iframe><\/p>\n<p><span style=\"color: #ffffff;\">Geometria de risco, 2013<\/span><\/p>\n<p><span style=\"color: #ffffff;\">Jorge dos Anjos<\/span><\/p>\n<p><span style=\"color: #ffffff;\">Esculturas e o espa\u00e7o p\u00fablico<\/span><\/p>\n<p><span style=\"color: #ffffff;\">Espa\u00e7o Cultural Marcantonio Vila\u00e7a<\/span><\/p>\n<p><span style=\"color: #ffffff;\">Imagem: Andr\u00e9 Burian<\/span><\/p>\n<p><span style=\"color: #ffffff;\">Tribunal de Contas da Uni\u00e3o<\/span><\/p>\n<p><img decoding=\"async\" loading=\"lazy\" class=\"size-medium wp-image-1112 aligncenter\" src=\"https:\/\/eba.ufmg.br\/epistemologiascomunitarias\/wp-content\/uploads\/2019\/08\/cropped-LOGO-EC-Final-modelo-2-1-300x300.png\" alt=\"\" width=\"300\" height=\"300\" srcset=\"https:\/\/eba.ufmg.br\/epistemologiascomunitarias\/wp-content\/uploads\/2019\/08\/cropped-LOGO-EC-Final-modelo-2-1-300x300.png 300w, https:\/\/eba.ufmg.br\/epistemologiascomunitarias\/wp-content\/uploads\/2019\/08\/cropped-LOGO-EC-Final-modelo-2-1-150x150.png 150w, https:\/\/eba.ufmg.br\/epistemologiascomunitarias\/wp-content\/uploads\/2019\/08\/cropped-LOGO-EC-Final-modelo-2-1-270x270.png 270w, https:\/\/eba.ufmg.br\/epistemologiascomunitarias\/wp-content\/uploads\/2019\/08\/cropped-LOGO-EC-Final-modelo-2-1-192x192.png 192w, https:\/\/eba.ufmg.br\/epistemologiascomunitarias\/wp-content\/uploads\/2019\/08\/cropped-LOGO-EC-Final-modelo-2-1-180x180.png 180w, https:\/\/eba.ufmg.br\/epistemologiascomunitarias\/wp-content\/uploads\/2019\/08\/cropped-LOGO-EC-Final-modelo-2-1-32x32.png 32w, https:\/\/eba.ufmg.br\/epistemologiascomunitarias\/wp-content\/uploads\/2019\/08\/cropped-LOGO-EC-Final-modelo-2-1.png 512w\" sizes=\"(max-width: 300px) 100vw, 300px\" \/><\/p>\n<p><iframe loading=\"lazy\" title=\"Exposi\u00e7\u00e3o Jorge dos Anjos: A Ferro e Fogo\" width=\"640\" height=\"360\" src=\"https:\/\/www.youtube.com\/embed\/PeWud0nL87Q?feature=oembed\" frameborder=\"0\" allow=\"accelerometer; autoplay; clipboard-write; encrypted-media; gyroscope; picture-in-picture; web-share\" referrerpolicy=\"strict-origin-when-cross-origin\" allowfullscreen><\/iframe><\/p>\n<p><span style=\"color: #ffffff;\">Exposi\u00e7\u00e3o: A Ferro e Fogo, 2018<\/span><\/p>\n<p><span style=\"color: #ffffff;\">Jorge dos Anjos<\/span><\/p>\n<p><span style=\"color: #ffffff;\">Museu de Arte Murilo Mendes<\/span><\/p>\n<p><span style=\"color: #ffffff;\">Pr\u00f3-Reitoria de Cultura \u2013 Universidade Federal de Juiz de Fora<\/span><\/p>\n<p><img decoding=\"async\" loading=\"lazy\" class=\"size-medium wp-image-1112 aligncenter\" src=\"https:\/\/eba.ufmg.br\/epistemologiascomunitarias\/wp-content\/uploads\/2019\/08\/cropped-LOGO-EC-Final-modelo-2-1-300x300.png\" alt=\"\" width=\"300\" height=\"300\" srcset=\"https:\/\/eba.ufmg.br\/epistemologiascomunitarias\/wp-content\/uploads\/2019\/08\/cropped-LOGO-EC-Final-modelo-2-1-300x300.png 300w, https:\/\/eba.ufmg.br\/epistemologiascomunitarias\/wp-content\/uploads\/2019\/08\/cropped-LOGO-EC-Final-modelo-2-1-150x150.png 150w, https:\/\/eba.ufmg.br\/epistemologiascomunitarias\/wp-content\/uploads\/2019\/08\/cropped-LOGO-EC-Final-modelo-2-1-270x270.png 270w, https:\/\/eba.ufmg.br\/epistemologiascomunitarias\/wp-content\/uploads\/2019\/08\/cropped-LOGO-EC-Final-modelo-2-1-192x192.png 192w, https:\/\/eba.ufmg.br\/epistemologiascomunitarias\/wp-content\/uploads\/2019\/08\/cropped-LOGO-EC-Final-modelo-2-1-180x180.png 180w, https:\/\/eba.ufmg.br\/epistemologiascomunitarias\/wp-content\/uploads\/2019\/08\/cropped-LOGO-EC-Final-modelo-2-1-32x32.png 32w, https:\/\/eba.ufmg.br\/epistemologiascomunitarias\/wp-content\/uploads\/2019\/08\/cropped-LOGO-EC-Final-modelo-2-1.png 512w\" sizes=\"(max-width: 300px) 100vw, 300px\" \/><\/p>\n<p><iframe loading=\"lazy\" title=\"Galeria Inox Apresenta: Jorge dos Anjos\" width=\"640\" height=\"360\" src=\"https:\/\/www.youtube.com\/embed\/U_-dNV6QOGc?feature=oembed\" frameborder=\"0\" allow=\"accelerometer; autoplay; clipboard-write; encrypted-media; gyroscope; picture-in-picture; web-share\" referrerpolicy=\"strict-origin-when-cross-origin\" allowfullscreen><\/iframe><\/p>\n<p><span style=\"color: #ffffff;\">Galeria Inox Apresenta: Jorge dos Anjos, 2022<\/span><br \/>\n<span style=\"color: #ffffff;\">GaleriaInox<\/span><\/p>\n<p><img decoding=\"async\" loading=\"lazy\" class=\"size-medium wp-image-1112 aligncenter\" src=\"https:\/\/eba.ufmg.br\/epistemologiascomunitarias\/wp-content\/uploads\/2019\/08\/cropped-LOGO-EC-Final-modelo-2-1-300x300.png\" alt=\"\" width=\"300\" height=\"300\" srcset=\"https:\/\/eba.ufmg.br\/epistemologiascomunitarias\/wp-content\/uploads\/2019\/08\/cropped-LOGO-EC-Final-modelo-2-1-300x300.png 300w, https:\/\/eba.ufmg.br\/epistemologiascomunitarias\/wp-content\/uploads\/2019\/08\/cropped-LOGO-EC-Final-modelo-2-1-150x150.png 150w, https:\/\/eba.ufmg.br\/epistemologiascomunitarias\/wp-content\/uploads\/2019\/08\/cropped-LOGO-EC-Final-modelo-2-1-270x270.png 270w, https:\/\/eba.ufmg.br\/epistemologiascomunitarias\/wp-content\/uploads\/2019\/08\/cropped-LOGO-EC-Final-modelo-2-1-192x192.png 192w, https:\/\/eba.ufmg.br\/epistemologiascomunitarias\/wp-content\/uploads\/2019\/08\/cropped-LOGO-EC-Final-modelo-2-1-180x180.png 180w, https:\/\/eba.ufmg.br\/epistemologiascomunitarias\/wp-content\/uploads\/2019\/08\/cropped-LOGO-EC-Final-modelo-2-1-32x32.png 32w, https:\/\/eba.ufmg.br\/epistemologiascomunitarias\/wp-content\/uploads\/2019\/08\/cropped-LOGO-EC-Final-modelo-2-1.png 512w\" sizes=\"(max-width: 300px) 100vw, 300px\" \/><\/p>\n<h2><\/h2>\n<h2><span style=\"color: #999999;\"><strong>P\u00c1GINAS SOBRE O ARTISTA:<\/strong><\/span><\/h2>\n<p><span style=\"color: #ffffff;\">Instagram: @jorgedosanjosjla<\/span><\/p>\n<p><span style=\"color: #ffffff;\"><a style=\"color: #ffffff;\" href=\"https:\/\/enciclopedia.itaucultural.org.br\/pessoas\/7989-jorge-dos-anjos\">https:\/\/enciclopedia.itaucultural.org.br\/pessoas\/7989-jorge-dos-anjos<\/a><\/span><\/p>\n<p><span style=\"color: #ffffff;\"><a style=\"color: #ffffff;\" href=\"https:\/\/amgaleria.com.br\/artista\/jorge-dos-anjos\/\">https:\/\/amgaleria.com.br\/artista\/jorge-dos-anjos\/<\/a><\/span><\/p>\n<p><span style=\"color: #ffffff;\"><a style=\"color: #ffffff;\" href=\"https:\/\/fcs.mg.gov.br\/jorge-dos-anjos-processos-de-criacao-linguagens-e-materialidades\/\">https:\/\/fcs.mg.gov.br\/jorge-dos-anjos-processos-de-criacao-linguagens-e-materialidades\/<\/a><\/span><\/p>\n<p><span style=\"color: #ffffff;\"><a style=\"color: #ffffff;\" href=\"https:\/\/repositorio.unesp.br\/handle\/11449\/152160\">https:\/\/repositorio.unesp.br\/handle\/11449\/152160<\/a><\/span><\/p>\n<p><span style=\"color: #ffffff;\"><a style=\"color: #ffffff;\" href=\"https:\/\/projetoafro.com\/artista\/jorge-dos-anjos\/\">https:\/\/projetoafro.com\/artista\/jorge-dos-anjos\/<\/a><\/span><\/p>\n<p><span style=\"color: #ffffff;\"><a style=\"color: #ffffff;\" href=\"https:\/\/www.guiadasartes.com.br\/jorge-dos-anjos\/obras-e-biografia\">https:\/\/www.guiadasartes.com.br\/jorge-dos-anjos\/obras-e-biografia<\/a><\/span><\/p>\n<p><span style=\"color: #ffffff;\"><a style=\"color: #ffffff;\" href=\"https:\/\/revistacanjere.com.br\/a-arte-e-a-diaspora-de-jorge-dos-anjos\/\">https:\/\/revistacanjere.com.br\/a-arte-e-a-diaspora-de-jorge-dos-anjos\/<\/a><\/span><\/p>\n<p><img decoding=\"async\" loading=\"lazy\" class=\"wp-image-896 aligncenter\" src=\"https:\/\/eba.ufmg.br\/epistemologiascomunitarias\/wp-content\/uploads\/2019\/08\/LOGO-EC-Final-com-escrita-Modelo-300x300.png\" alt=\"\" width=\"399\" height=\"399\" srcset=\"https:\/\/eba.ufmg.br\/epistemologiascomunitarias\/wp-content\/uploads\/2019\/08\/LOGO-EC-Final-com-escrita-Modelo-300x300.png 300w, https:\/\/eba.ufmg.br\/epistemologiascomunitarias\/wp-content\/uploads\/2019\/08\/LOGO-EC-Final-com-escrita-Modelo-150x150.png 150w, https:\/\/eba.ufmg.br\/epistemologiascomunitarias\/wp-content\/uploads\/2019\/08\/LOGO-EC-Final-com-escrita-Modelo.png 500w\" sizes=\"(max-width: 399px) 100vw, 399px\" \/><\/p>\n","protected":false},"excerpt":{"rendered":"<p>Meu nome \u00e9 Jorge Luiz dos Anjos. Eu nasci em Ouro Preto, Minas Gerais, em 30 de abril de 1957&#8230; \u00c9 dif\u00edcil falar da forma\u00e7\u00e3o de uma maneira simplificada, porque eu comecei com seis anos de idade. Eu j\u00e1 gostava muito de desenhar.\u00a0 E, meu pai me incentivava dando material, comprando material para desenho: l\u00e1pis [&hellip;]<\/p>\n","protected":false},"author":2,"featured_media":791,"parent":0,"menu_order":0,"comment_status":"closed","ping_status":"closed","template":"","meta":{"footnotes":""},"_links":{"self":[{"href":"https:\/\/eba.ufmg.br\/epistemologiascomunitarias\/index.php\/wp-json\/wp\/v2\/pages\/515"}],"collection":[{"href":"https:\/\/eba.ufmg.br\/epistemologiascomunitarias\/index.php\/wp-json\/wp\/v2\/pages"}],"about":[{"href":"https:\/\/eba.ufmg.br\/epistemologiascomunitarias\/index.php\/wp-json\/wp\/v2\/types\/page"}],"author":[{"embeddable":true,"href":"https:\/\/eba.ufmg.br\/epistemologiascomunitarias\/index.php\/wp-json\/wp\/v2\/users\/2"}],"replies":[{"embeddable":true,"href":"https:\/\/eba.ufmg.br\/epistemologiascomunitarias\/index.php\/wp-json\/wp\/v2\/comments?post=515"}],"version-history":[{"count":52,"href":"https:\/\/eba.ufmg.br\/epistemologiascomunitarias\/index.php\/wp-json\/wp\/v2\/pages\/515\/revisions"}],"predecessor-version":[{"id":3303,"href":"https:\/\/eba.ufmg.br\/epistemologiascomunitarias\/index.php\/wp-json\/wp\/v2\/pages\/515\/revisions\/3303"}],"wp:featuredmedia":[{"embeddable":true,"href":"https:\/\/eba.ufmg.br\/epistemologiascomunitarias\/index.php\/wp-json\/wp\/v2\/media\/791"}],"wp:attachment":[{"href":"https:\/\/eba.ufmg.br\/epistemologiascomunitarias\/index.php\/wp-json\/wp\/v2\/media?parent=515"}],"curies":[{"name":"wp","href":"https:\/\/api.w.org\/{rel}","templated":true}]}}