{"id":555,"date":"2019-06-10T09:48:28","date_gmt":"2019-06-10T12:48:28","guid":{"rendered":"https:\/\/labcult.eci.ufmg.br\/epistemologiacomunitaria\/?page_id=555"},"modified":"2025-09-29T16:09:00","modified_gmt":"2025-09-29T19:09:00","slug":"rodrigo-marques","status":"publish","type":"page","link":"https:\/\/eba.ufmg.br\/epistemologiascomunitarias\/index.php\/rodrigo-marques\/","title":{"rendered":"Rodrigo Marques"},"content":{"rendered":"<p><img decoding=\"async\" loading=\"lazy\" class=\"aligncenter wp-image-2046\" src=\"https:\/\/labcult.eci.ufmg.br\/epistemologiacomunitaria\/wp-content\/uploads\/2019\/10\/IMG_9889-min-Copia-300x169.jpg\" alt=\"\" width=\"935\" height=\"525\" srcset=\"https:\/\/eba.ufmg.br\/epistemologiascomunitarias\/wp-content\/uploads\/2019\/10\/IMG_9889-min-Copia-300x169.jpg 300w, https:\/\/eba.ufmg.br\/epistemologiascomunitarias\/wp-content\/uploads\/2019\/10\/IMG_9889-min-Copia-768x431.jpg 768w, https:\/\/eba.ufmg.br\/epistemologiascomunitarias\/wp-content\/uploads\/2019\/10\/IMG_9889-min-Copia-1024x575.jpg 1024w\" sizes=\"(max-width: 935px) 100vw, 935px\" \/><\/p>\n<blockquote><p><span style=\"color: #999999;\">Bom dia. Boa tarde. Boa noite. Sou Rodrigo. Sou artista visual. Sou nascido na cidade de Santo Andr\u00e9, S\u00e3o Paulo. E resido em Minas Gerais.\u00a0 Cidades de Contagem, Belo Horizonte, Ribeir\u00e3o das Neves h\u00e1 15 anos.<\/span><\/p>\n<p><span style=\"color: #999999;\">Meu trabalho parte da linguagem do desenho. E, a partir da\u00ed, tenho buscado ter experi\u00eancias diversas sempre saindo do di\u00e1logo com o desenho e das quest\u00f5es que me cercam e que eu encontro pelos caminhos que venho percorrendo. Eu tenho uma produ\u00e7\u00e3o variada&#8230; Tenho experimentado e tenho aprendido muito com outros e outras artistas.<\/span><\/p>\n<p><span style=\"color: #999999;\">Minha forma\u00e7\u00e3o se d\u00e1 ao longo desses anos todos.\u00a0 Acredito que pelo empenho inicial&#8230; Desde muito novo&#8230; Quando tinha aquela face&#8230; Desde aquela \u00e9poca, eu j\u00e1 desenhava. J\u00e1 gravava imagens em pap\u00e9is, paredes, em todo o tipo de suporte. Eu j\u00e1 me desenvolvo como artista profissional por volta de 14 e 15 anos. Como aprendiz desde a vida inteira. A minha m\u00e3e \u00e9 artes\u00e3. Artista. Sempre tive esse contato com os fazeres ali, com a quest\u00e3o do trabalho que \u00e9 feito tamb\u00e9m ali no corre da sobreviv\u00eancia. Eu tenho repensado e refeito isso ao longo desses \u00faltimos anos.<\/span><\/p>\n<p><span style=\"color: #999999;\">Dentro desse per\u00edodo, ap\u00f3s me mudar de S\u00e3o Paulo pra c\u00e1, Minas Gerais, de onde minha fam\u00edlia toda \u00e9 origin\u00e1ria. Eu sou o \u00fanico que nasci na cidade de S\u00e3o Paulo dos 7 filhos da minha m\u00e3e Dona Suzana. Sou o mais novo. Quando mudamos pra c\u00e1, no ano de 2005, eu iniciei o trabalho como retratista na cidade de Contagem. Ent\u00e3o&#8230; Retratista de rua mesmo, n\u00e9? Sa\u00eda pra rua com o material e aplicava ali esse conhecimento que eu j\u00e1 vinha trabalhando com desenho. Estudando. Pesquisando. J\u00e1 tendo isso como um meio de ganha p\u00e3o. Ganhando um dinheiro. Vivendo como uma profiss\u00e3o. Porque, anteriormente, eu tinha trabalhado como prestador de servi\u00e7os. Aut\u00f4nomo em outras \u00e1reas. E, como desenhista, as primeiras vezes que eu tenho isso como trabalho, como profiss\u00e3o, \u00e9 quando eu venho morar aqui. E, essa forma\u00e7\u00e3o se d\u00e1 tamb\u00e9m por esses outros trabalhos. Trabalhei em pequenas f\u00e1bricas. Trabalhei como vendedor ambulante. Ent\u00e3o, o conhecimento de uma \u00e1rea nunca deixou de ser aplicado em outra. Tudo isso sempre esteve entrela\u00e7ado. Tendo vivido essas experi\u00eancias \u00e9 onde eu pude aplicar o que eu aprendi com elas.<\/span><\/p>\n<p><span style=\"color: #999999;\">A\u00ed, \u00e9 um pouco disso. Falar um pouco desse trabalho interdisciplinar que tem me interessado. A pesquisa. A produ\u00e7\u00e3o nesse campo. Entendendo a conflu\u00eancia dos saberes, dos fazeres. Entendo n\u00e3o&#8230; Buscando outras maneiras de criar, de fazer que estejam mais pr\u00f3ximas da vida!<\/span><\/p><\/blockquote>\n<p><!--more--><\/p>\n<p><img decoding=\"async\" loading=\"lazy\" class=\"size-medium wp-image-1112 aligncenter\" src=\"https:\/\/eba.ufmg.br\/epistemologiascomunitarias\/wp-content\/uploads\/2019\/08\/cropped-LOGO-EC-Final-modelo-2-1-300x300.png\" alt=\"\" width=\"300\" height=\"300\" srcset=\"https:\/\/eba.ufmg.br\/epistemologiascomunitarias\/wp-content\/uploads\/2019\/08\/cropped-LOGO-EC-Final-modelo-2-1-300x300.png 300w, https:\/\/eba.ufmg.br\/epistemologiascomunitarias\/wp-content\/uploads\/2019\/08\/cropped-LOGO-EC-Final-modelo-2-1-150x150.png 150w, https:\/\/eba.ufmg.br\/epistemologiascomunitarias\/wp-content\/uploads\/2019\/08\/cropped-LOGO-EC-Final-modelo-2-1-270x270.png 270w, https:\/\/eba.ufmg.br\/epistemologiascomunitarias\/wp-content\/uploads\/2019\/08\/cropped-LOGO-EC-Final-modelo-2-1-192x192.png 192w, https:\/\/eba.ufmg.br\/epistemologiascomunitarias\/wp-content\/uploads\/2019\/08\/cropped-LOGO-EC-Final-modelo-2-1-180x180.png 180w, https:\/\/eba.ufmg.br\/epistemologiascomunitarias\/wp-content\/uploads\/2019\/08\/cropped-LOGO-EC-Final-modelo-2-1-32x32.png 32w, https:\/\/eba.ufmg.br\/epistemologiascomunitarias\/wp-content\/uploads\/2019\/08\/cropped-LOGO-EC-Final-modelo-2-1.png 512w\" sizes=\"(max-width: 300px) 100vw, 300px\" \/><\/p>\n<h2><span style=\"color: #ff0000;\">TERRIT\u00d3RIOS PERFORMATIVOS:<\/span><\/h2>\n<h2><span style=\"color: #666699;\">O LUGAR DA PO\u00c9TICA:<\/span><\/h2>\n<p><a href=\"https:\/\/labcult.eci.ufmg.br\/epistemologiacomunitaria\/index.php\/ape_gallery\/rodrigo-marques\/\"><img decoding=\"async\" loading=\"lazy\" class=\"alignnone wp-image-2048 size-large\" src=\"https:\/\/labcult.eci.ufmg.br\/epistemologiacomunitaria\/wp-content\/uploads\/2019\/10\/IMG_9902-min-Copia-1024x575.jpg\" alt=\"\" width=\"640\" height=\"359\" srcset=\"https:\/\/eba.ufmg.br\/epistemologiascomunitarias\/wp-content\/uploads\/2019\/10\/IMG_9902-min-Copia-1024x575.jpg 1024w, https:\/\/eba.ufmg.br\/epistemologiascomunitarias\/wp-content\/uploads\/2019\/10\/IMG_9902-min-Copia-300x169.jpg 300w, https:\/\/eba.ufmg.br\/epistemologiascomunitarias\/wp-content\/uploads\/2019\/10\/IMG_9902-min-Copia-768x431.jpg 768w\" sizes=\"(max-width: 640px) 100vw, 640px\" \/><\/a><\/p>\n<p><img decoding=\"async\" loading=\"lazy\" class=\" wp-image-1112 aligncenter\" src=\"https:\/\/eba.ufmg.br\/epistemologiascomunitarias\/wp-content\/uploads\/2019\/08\/cropped-LOGO-EC-Final-modelo-2-1-300x300.png\" alt=\"\" width=\"356\" height=\"356\" srcset=\"https:\/\/eba.ufmg.br\/epistemologiascomunitarias\/wp-content\/uploads\/2019\/08\/cropped-LOGO-EC-Final-modelo-2-1-300x300.png 300w, https:\/\/eba.ufmg.br\/epistemologiascomunitarias\/wp-content\/uploads\/2019\/08\/cropped-LOGO-EC-Final-modelo-2-1-150x150.png 150w, https:\/\/eba.ufmg.br\/epistemologiascomunitarias\/wp-content\/uploads\/2019\/08\/cropped-LOGO-EC-Final-modelo-2-1-270x270.png 270w, https:\/\/eba.ufmg.br\/epistemologiascomunitarias\/wp-content\/uploads\/2019\/08\/cropped-LOGO-EC-Final-modelo-2-1-192x192.png 192w, https:\/\/eba.ufmg.br\/epistemologiascomunitarias\/wp-content\/uploads\/2019\/08\/cropped-LOGO-EC-Final-modelo-2-1-180x180.png 180w, https:\/\/eba.ufmg.br\/epistemologiascomunitarias\/wp-content\/uploads\/2019\/08\/cropped-LOGO-EC-Final-modelo-2-1-32x32.png 32w, https:\/\/eba.ufmg.br\/epistemologiascomunitarias\/wp-content\/uploads\/2019\/08\/cropped-LOGO-EC-Final-modelo-2-1.png 512w\" sizes=\"(max-width: 356px) 100vw, 356px\" \/><\/p>\n<h2><span style=\"color: #666699;\">O LUGAR\u00a0 DA\u00a0 AUTORIA:<\/span><\/h2>\n<h1><span style=\"color: #ff0000;\">1.<\/span><\/h1>\n<h2><span style=\"color: #999999;\">RETRATO<\/span><\/h2>\n<p><iframe loading=\"lazy\" title=\"Rodrigo Marques. Retrato 1.\" width=\"640\" height=\"360\" src=\"https:\/\/www.youtube.com\/embed\/-csP39dZ6YQ?feature=oembed\" frameborder=\"0\" allow=\"accelerometer; autoplay; clipboard-write; encrypted-media; gyroscope; picture-in-picture; web-share\" referrerpolicy=\"strict-origin-when-cross-origin\" allowfullscreen><\/iframe><\/p>\n<p style=\"text-align: right;\"><span style=\"color: #ffffff;\">Epistemologias Comunit\u00e1rias, 2019<\/span><\/p>\n<p style=\"text-align: right;\"><span style=\"color: #ffffff;\">Rodrigo Marques<\/span><\/p>\n<p style=\"text-align: right;\"><span style=\"color: #ffffff;\">\u00c1udio\/ Capta\u00e7\u00e3o de imagem (Skype): Janaina Barros Silva Viana<\/span><\/p>\n<p style=\"text-align: right;\"><span style=\"color: #ffffff;\">Registro fotogr\u00e1fico\/Cinegrafista: Wagner Leite Viana<\/span><\/p>\n<p style=\"text-align: right;\"><span style=\"color: #ffffff;\">Edi\u00e7\u00e3o de imagens\/transcri\u00e7\u00e3o\/tradu\u00e7\u00e3o: Rog\u00e9rio Rodrigues<\/span><\/p>\n<p style=\"text-align: right;\"><span style=\"color: #ffffff;\">Ana Carolina Horikawa<\/span><\/p>\n<h2><img decoding=\"async\" loading=\"lazy\" class=\"aligncenter wp-image-897\" src=\"https:\/\/labcult.eci.ufmg.br\/epistemologiacomunitaria\/wp-content\/uploads\/2019\/08\/LOGO-EC-Final-modelo-2.png\" alt=\"\" width=\"360\" height=\"360\" \/><\/h2>\n<h1><span style=\"color: #ff0000;\">2.<\/span><\/h1>\n<h2><span style=\"color: #999999;\">RETRATO<\/span><\/h2>\n<p><iframe loading=\"lazy\" title=\"Rodrigo Marques. Retrato 2.\" width=\"640\" height=\"360\" src=\"https:\/\/www.youtube.com\/embed\/zzxnDDW47dI?feature=oembed\" frameborder=\"0\" allow=\"accelerometer; autoplay; clipboard-write; encrypted-media; gyroscope; picture-in-picture; web-share\" referrerpolicy=\"strict-origin-when-cross-origin\" allowfullscreen><\/iframe><\/p>\n<p style=\"text-align: right;\"><span style=\"color: #ffffff;\">Epistemologias Comunit\u00e1rias, 2019<\/span><\/p>\n<p style=\"text-align: right;\"><span style=\"color: #ffffff;\">Rodrigo Marques<\/span><\/p>\n<p style=\"text-align: right;\"><span style=\"color: #ffffff;\">\u00c1udio\/ Capta\u00e7\u00e3o de imagem (Skype): Janaina Barros Silva Viana<\/span><\/p>\n<p style=\"text-align: right;\"><span style=\"color: #ffffff;\">Registro fotogr\u00e1fico\/Cinegrafista: Wagner Leite Viana<\/span><\/p>\n<p style=\"text-align: right;\"><span style=\"color: #ffffff;\">Edi\u00e7\u00e3o de imagens\/transcri\u00e7\u00e3o\/tradu\u00e7\u00e3o: Rog\u00e9rio Rodrigues<\/span><\/p>\n<p style=\"text-align: right;\"><span style=\"color: #ffffff;\">Ana Carolina Horikawa<\/span><\/p>\n<p><img decoding=\"async\" loading=\"lazy\" class=\"aligncenter wp-image-937 \" src=\"https:\/\/labcult.eci.ufmg.br\/epistemologiacomunitaria\/wp-content\/uploads\/2019\/08\/LOGO-EC-Final-Modelo-1-300x300.png\" alt=\"\" width=\"360\" height=\"360\" srcset=\"https:\/\/eba.ufmg.br\/epistemologiascomunitarias\/wp-content\/uploads\/2019\/08\/LOGO-EC-Final-Modelo-1-300x300.png 300w, https:\/\/eba.ufmg.br\/epistemologiascomunitarias\/wp-content\/uploads\/2019\/08\/LOGO-EC-Final-Modelo-1-150x150.png 150w, https:\/\/eba.ufmg.br\/epistemologiascomunitarias\/wp-content\/uploads\/2019\/08\/LOGO-EC-Final-Modelo-1.png 500w\" sizes=\"(max-width: 360px) 100vw, 360px\" \/><\/p>\n<h2><span style=\"color: #666699;\">OUTROS TERRIT\u00d3RIOS:<\/span><\/h2>\n<p><iframe loading=\"lazy\" title=\"-Pr\u00e9-sele\u00e7\u00e3o\/Retratos p\u00f3stumos, 2014\" width=\"640\" height=\"480\" src=\"https:\/\/www.youtube.com\/embed\/swNhxAc5hV4?feature=oembed\" frameborder=\"0\" allow=\"accelerometer; autoplay; clipboard-write; encrypted-media; gyroscope; picture-in-picture; web-share\" referrerpolicy=\"strict-origin-when-cross-origin\" allowfullscreen><\/iframe><\/p>\n<p><span style=\"color: #ffffff;\">Pr\u00e9-sele\u00e7\u00e3o &#8211; Retratos p\u00f3stumos, 2014<\/span><\/p>\n<p><span style=\"color: #ffffff;\">Rodrigo Marques<\/span><\/p>\n<p><span style=\"color: #ffffff;\">Poema\/Trabalho<\/span><\/p>\n<p><span style=\"color: #ffffff;\">Enterrar a sele\u00e7\u00e3o Brasileira em Belo horizonte XX\/07\/14<\/span><\/p>\n<p><span style=\"color: #ffffff;\">Registro: Daniel Carvalho<\/span><\/p>\n<p><span style=\"color: #ffffff;\">Nortear Desvios<\/span><\/p>\n<p><span style=\"color: #ffffff;\">Exposi\u00e7\u00e3o<\/span><\/p>\n<p><span style=\"color: #ffffff;\">CENEX EBA UFMG<\/span><\/p>\n<p><img decoding=\"async\" loading=\"lazy\" class=\"size-medium wp-image-1112 aligncenter\" src=\"https:\/\/eba.ufmg.br\/epistemologiascomunitarias\/wp-content\/uploads\/2019\/08\/cropped-LOGO-EC-Final-modelo-2-1-300x300.png\" alt=\"\" width=\"300\" height=\"300\" srcset=\"https:\/\/eba.ufmg.br\/epistemologiascomunitarias\/wp-content\/uploads\/2019\/08\/cropped-LOGO-EC-Final-modelo-2-1-300x300.png 300w, https:\/\/eba.ufmg.br\/epistemologiascomunitarias\/wp-content\/uploads\/2019\/08\/cropped-LOGO-EC-Final-modelo-2-1-150x150.png 150w, https:\/\/eba.ufmg.br\/epistemologiascomunitarias\/wp-content\/uploads\/2019\/08\/cropped-LOGO-EC-Final-modelo-2-1-270x270.png 270w, https:\/\/eba.ufmg.br\/epistemologiascomunitarias\/wp-content\/uploads\/2019\/08\/cropped-LOGO-EC-Final-modelo-2-1-192x192.png 192w, https:\/\/eba.ufmg.br\/epistemologiascomunitarias\/wp-content\/uploads\/2019\/08\/cropped-LOGO-EC-Final-modelo-2-1-180x180.png 180w, https:\/\/eba.ufmg.br\/epistemologiascomunitarias\/wp-content\/uploads\/2019\/08\/cropped-LOGO-EC-Final-modelo-2-1-32x32.png 32w, https:\/\/eba.ufmg.br\/epistemologiascomunitarias\/wp-content\/uploads\/2019\/08\/cropped-LOGO-EC-Final-modelo-2-1.png 512w\" sizes=\"(max-width: 300px) 100vw, 300px\" \/><\/p>\n<p><iframe loading=\"lazy\" title=\"Desenho-Plantae Inc. Rodrigo Marques 2\" width=\"640\" height=\"360\" src=\"https:\/\/www.youtube.com\/embed\/nIod7R2eXBE?feature=oembed\" frameborder=\"0\" allow=\"accelerometer; autoplay; clipboard-write; encrypted-media; gyroscope; picture-in-picture; web-share\" referrerpolicy=\"strict-origin-when-cross-origin\" allowfullscreen><\/iframe><\/p>\n<p><span style=\"color: #ffffff;\">Plantae inc. , 2016<\/span><\/p>\n<p><span style=\"color: #ffffff;\">Rodrigo Marques<\/span><\/p>\n<p><span style=\"color: #ffffff;\">Desenho<\/span><\/p>\n<p><span style=\"color: #ffffff;\">Registro de a\u00e7\u00e3o<\/span><\/p>\n<p><img decoding=\"async\" loading=\"lazy\" class=\"size-medium wp-image-1112 aligncenter\" src=\"https:\/\/eba.ufmg.br\/epistemologiascomunitarias\/wp-content\/uploads\/2019\/08\/cropped-LOGO-EC-Final-modelo-2-1-300x300.png\" alt=\"\" width=\"300\" height=\"300\" srcset=\"https:\/\/eba.ufmg.br\/epistemologiascomunitarias\/wp-content\/uploads\/2019\/08\/cropped-LOGO-EC-Final-modelo-2-1-300x300.png 300w, https:\/\/eba.ufmg.br\/epistemologiascomunitarias\/wp-content\/uploads\/2019\/08\/cropped-LOGO-EC-Final-modelo-2-1-150x150.png 150w, https:\/\/eba.ufmg.br\/epistemologiascomunitarias\/wp-content\/uploads\/2019\/08\/cropped-LOGO-EC-Final-modelo-2-1-270x270.png 270w, https:\/\/eba.ufmg.br\/epistemologiascomunitarias\/wp-content\/uploads\/2019\/08\/cropped-LOGO-EC-Final-modelo-2-1-192x192.png 192w, https:\/\/eba.ufmg.br\/epistemologiascomunitarias\/wp-content\/uploads\/2019\/08\/cropped-LOGO-EC-Final-modelo-2-1-180x180.png 180w, https:\/\/eba.ufmg.br\/epistemologiascomunitarias\/wp-content\/uploads\/2019\/08\/cropped-LOGO-EC-Final-modelo-2-1-32x32.png 32w, https:\/\/eba.ufmg.br\/epistemologiascomunitarias\/wp-content\/uploads\/2019\/08\/cropped-LOGO-EC-Final-modelo-2-1.png 512w\" sizes=\"(max-width: 300px) 100vw, 300px\" \/><\/p>\n<p><iframe loading=\"lazy\" title=\"Performance Plantae Inc. 1 trajeto \/registro C\u00e1ssio Ferreira\" width=\"640\" height=\"360\" src=\"https:\/\/www.youtube.com\/embed\/qXY4mJrICbk?feature=oembed\" frameborder=\"0\" allow=\"accelerometer; autoplay; clipboard-write; encrypted-media; gyroscope; picture-in-picture; web-share\" referrerpolicy=\"strict-origin-when-cross-origin\" allowfullscreen><\/iframe><\/p>\n<p><span style=\"color: #ffffff;\">Plantae inc., 2016<\/span><\/p>\n<p><span style=\"color: #ffffff;\">Rodrigo Marques<\/span><\/p>\n<p><span style=\"color: #ffffff;\">Performance<\/span><\/p>\n<p><span style=\"color: #ffffff;\">#Trajeto 1<\/span><\/p>\n<p><span style=\"color: #ffffff;\">Registro: C\u00e1ssio Ferreira<\/span><\/p>\n<p><img decoding=\"async\" loading=\"lazy\" class=\"size-medium wp-image-1112 aligncenter\" src=\"https:\/\/eba.ufmg.br\/epistemologiascomunitarias\/wp-content\/uploads\/2019\/08\/cropped-LOGO-EC-Final-modelo-2-1-300x300.png\" alt=\"\" width=\"300\" height=\"300\" srcset=\"https:\/\/eba.ufmg.br\/epistemologiascomunitarias\/wp-content\/uploads\/2019\/08\/cropped-LOGO-EC-Final-modelo-2-1-300x300.png 300w, https:\/\/eba.ufmg.br\/epistemologiascomunitarias\/wp-content\/uploads\/2019\/08\/cropped-LOGO-EC-Final-modelo-2-1-150x150.png 150w, https:\/\/eba.ufmg.br\/epistemologiascomunitarias\/wp-content\/uploads\/2019\/08\/cropped-LOGO-EC-Final-modelo-2-1-270x270.png 270w, https:\/\/eba.ufmg.br\/epistemologiascomunitarias\/wp-content\/uploads\/2019\/08\/cropped-LOGO-EC-Final-modelo-2-1-192x192.png 192w, https:\/\/eba.ufmg.br\/epistemologiascomunitarias\/wp-content\/uploads\/2019\/08\/cropped-LOGO-EC-Final-modelo-2-1-180x180.png 180w, https:\/\/eba.ufmg.br\/epistemologiascomunitarias\/wp-content\/uploads\/2019\/08\/cropped-LOGO-EC-Final-modelo-2-1-32x32.png 32w, https:\/\/eba.ufmg.br\/epistemologiascomunitarias\/wp-content\/uploads\/2019\/08\/cropped-LOGO-EC-Final-modelo-2-1.png 512w\" sizes=\"(max-width: 300px) 100vw, 300px\" \/><\/p>\n<p><iframe loading=\"lazy\" title=\"Noite, rio negro - Rodrigo Marques\" width=\"640\" height=\"480\" src=\"https:\/\/www.youtube.com\/embed\/wU0Y4zFPUCY?feature=oembed\" frameborder=\"0\" allow=\"accelerometer; autoplay; clipboard-write; encrypted-media; gyroscope; picture-in-picture; web-share\" referrerpolicy=\"strict-origin-when-cross-origin\" allowfullscreen><\/iframe><\/p>\n<p><span style=\"color: #ffffff;\">Noite, Rio Negro, 2016<\/span><\/p>\n<p><span style=\"color: #ffffff;\">Rodrigo Marques<\/span><\/p>\n<p><span style=\"color: #ffffff;\">Cadernos de desenhos<\/span><\/p>\n<p><span style=\"color: #ffffff;\">#1 \u00e1gua\/homem<\/span><\/p>\n<p><img decoding=\"async\" loading=\"lazy\" class=\"size-medium wp-image-1112 aligncenter\" src=\"https:\/\/eba.ufmg.br\/epistemologiascomunitarias\/wp-content\/uploads\/2019\/08\/cropped-LOGO-EC-Final-modelo-2-1-300x300.png\" alt=\"\" width=\"300\" height=\"300\" srcset=\"https:\/\/eba.ufmg.br\/epistemologiascomunitarias\/wp-content\/uploads\/2019\/08\/cropped-LOGO-EC-Final-modelo-2-1-300x300.png 300w, https:\/\/eba.ufmg.br\/epistemologiascomunitarias\/wp-content\/uploads\/2019\/08\/cropped-LOGO-EC-Final-modelo-2-1-150x150.png 150w, https:\/\/eba.ufmg.br\/epistemologiascomunitarias\/wp-content\/uploads\/2019\/08\/cropped-LOGO-EC-Final-modelo-2-1-270x270.png 270w, https:\/\/eba.ufmg.br\/epistemologiascomunitarias\/wp-content\/uploads\/2019\/08\/cropped-LOGO-EC-Final-modelo-2-1-192x192.png 192w, https:\/\/eba.ufmg.br\/epistemologiascomunitarias\/wp-content\/uploads\/2019\/08\/cropped-LOGO-EC-Final-modelo-2-1-180x180.png 180w, https:\/\/eba.ufmg.br\/epistemologiascomunitarias\/wp-content\/uploads\/2019\/08\/cropped-LOGO-EC-Final-modelo-2-1-32x32.png 32w, https:\/\/eba.ufmg.br\/epistemologiascomunitarias\/wp-content\/uploads\/2019\/08\/cropped-LOGO-EC-Final-modelo-2-1.png 512w\" sizes=\"(max-width: 300px) 100vw, 300px\" \/><\/p>\n<h2><span style=\"color: #999999;\"><strong>P\u00c1GINAS\u00a0 SOBRE O ARTISTA:<\/strong><\/span><\/h2>\n<p><span style=\"color: #ffffff;\">Instagram: @rodrigomarquesarte<\/span><\/p>\n<p><span style=\"color: #ffffff;\"><a style=\"color: #ffffff;\" href=\"https:\/\/www.youtube.com\/channel\/UC9aKiGMVYFV7l14OCQtX-fA\">https:\/\/www.youtube.com\/channel\/UC9aKiGMVYFV7l14OCQtX-fA<\/a><\/span><\/p>\n<p><img decoding=\"async\" loading=\"lazy\" class=\"wp-image-896 aligncenter\" src=\"https:\/\/eba.ufmg.br\/epistemologiascomunitarias\/wp-content\/uploads\/2019\/08\/LOGO-EC-Final-com-escrita-Modelo-300x300.png\" alt=\"\" width=\"400\" height=\"400\" srcset=\"https:\/\/eba.ufmg.br\/epistemologiascomunitarias\/wp-content\/uploads\/2019\/08\/LOGO-EC-Final-com-escrita-Modelo-300x300.png 300w, https:\/\/eba.ufmg.br\/epistemologiascomunitarias\/wp-content\/uploads\/2019\/08\/LOGO-EC-Final-com-escrita-Modelo-150x150.png 150w, https:\/\/eba.ufmg.br\/epistemologiascomunitarias\/wp-content\/uploads\/2019\/08\/LOGO-EC-Final-com-escrita-Modelo.png 500w\" sizes=\"(max-width: 400px) 100vw, 400px\" \/><\/p>\n","protected":false},"excerpt":{"rendered":"<p>Bom dia. Boa tarde. Boa noite. Sou Rodrigo. Sou artista visual. Sou nascido na cidade de Santo Andr\u00e9, S\u00e3o Paulo. E resido em Minas Gerais.\u00a0 Cidades de Contagem, Belo Horizonte, Ribeir\u00e3o das Neves h\u00e1 15 anos. Meu trabalho parte da linguagem do desenho. E, a partir da\u00ed, tenho buscado ter experi\u00eancias diversas sempre saindo do [&hellip;]<\/p>\n","protected":false},"author":2,"featured_media":2041,"parent":0,"menu_order":0,"comment_status":"closed","ping_status":"closed","template":"","meta":{"footnotes":""},"_links":{"self":[{"href":"https:\/\/eba.ufmg.br\/epistemologiascomunitarias\/index.php\/wp-json\/wp\/v2\/pages\/555"}],"collection":[{"href":"https:\/\/eba.ufmg.br\/epistemologiascomunitarias\/index.php\/wp-json\/wp\/v2\/pages"}],"about":[{"href":"https:\/\/eba.ufmg.br\/epistemologiascomunitarias\/index.php\/wp-json\/wp\/v2\/types\/page"}],"author":[{"embeddable":true,"href":"https:\/\/eba.ufmg.br\/epistemologiascomunitarias\/index.php\/wp-json\/wp\/v2\/users\/2"}],"replies":[{"embeddable":true,"href":"https:\/\/eba.ufmg.br\/epistemologiascomunitarias\/index.php\/wp-json\/wp\/v2\/comments?post=555"}],"version-history":[{"count":31,"href":"https:\/\/eba.ufmg.br\/epistemologiascomunitarias\/index.php\/wp-json\/wp\/v2\/pages\/555\/revisions"}],"predecessor-version":[{"id":3298,"href":"https:\/\/eba.ufmg.br\/epistemologiascomunitarias\/index.php\/wp-json\/wp\/v2\/pages\/555\/revisions\/3298"}],"wp:featuredmedia":[{"embeddable":true,"href":"https:\/\/eba.ufmg.br\/epistemologiascomunitarias\/index.php\/wp-json\/wp\/v2\/media\/2041"}],"wp:attachment":[{"href":"https:\/\/eba.ufmg.br\/epistemologiascomunitarias\/index.php\/wp-json\/wp\/v2\/media?parent=555"}],"curies":[{"name":"wp","href":"https:\/\/api.w.org\/{rel}","templated":true}]}}